{"id":355,"date":"2025-05-21T11:40:21","date_gmt":"2025-05-21T04:40:21","guid":{"rendered":"http:\/\/localhost\/phoneweb\/?post_type=product&#038;p=355"},"modified":"2025-05-21T11:42:59","modified_gmt":"2025-05-21T04:42:59","slug":"thay-mat-kinh-ep-kinh-iphone-15-15-plus","status":"publish","type":"product","link":"https:\/\/khoinguyenmobile.vn\/index.php\/product\/thay-mat-kinh-ep-kinh-iphone-15-15-plus\/","title":{"rendered":"Thay m\u1eb7t k\u00ednh, \u00e9p k\u00ednh iPhone 15\/ 15 Plus"},"content":{"rendered":"<h2 id=\"thay-ep-kinh-iphone-x-gia-re%2C-lay-ngay-tai-dien-thoai-vui\"><strong>Thay \u00e9p k\u00ednh iPhone 15\/ 15 Plus gi\u00e1 r\u1ebb, l\u1ea5y ngay t\u1ea1i KhoiNguyenMobile<\/strong><\/h2>\n<p>Trong qu\u00e1 tr\u00ecnh s\u1eed d\u1ee5ng, do t\u00e1c \u0111\u1ed9ng qua l\u1ea1i chi\u1ebfc \u0111i\u1ec7n tho\u1ea1i iPhone 15\/ 15 Plus c\u1ee7a b\u1ea1n \u0111\u00e3 b\u1ecb v\u1ee1 m\u1eb7t k\u00ednh. Hay do sau m\u1ed9t th\u1eddi gian s\u1eed d\u1ee5ng tu\u1ed5i th\u1ecd c\u1ee7a m\u1eb7t\u00a0 k\u00ednh m\u00e0n h\u00ecnh gi\u1ea3m l\u00e0m \u1ea3nh h\u01b0\u1edfng trong qu\u00e1 tr\u00ecnh s\u1eed d\u1ee5ng. Mang ngay chi\u1ebfc \u0111i\u1ec7n tho\u1ea1i \u0111\u1ebfn KhoiNguyenMobile \u0111\u1ec3 <strong>thay \u00e9p k\u00ednh iPhone 15\/ 15 Plus <\/strong>nh\u00e9!<\/p>\n<h3 id=\"nguyen-nhan-gay-ra-hu-hong-mat-kinh-iphone-x\"><b>Nguy\u00ean nh\u00e2n g\u00e2y ra h\u01b0 h\u1ecfng m\u1eb7t k\u00ednh iPhone 15\/ 15 Plus <\/b><\/h3>\n<p>T\u00ecnh tr\u1ea1ng v\u1ee1 m\u1eb7t k\u00ednh \u0111i\u1ec7n tho\u1ea1i iPhone 15\/ 15 Plus \u0111\u1ebfn t\u1eeb nhi\u1ec1u nguy\u00ean nh\u00e2n kh\u00e1c nhau. Nh\u01b0ng nguy\u00ean nh\u00e2n chu\u1ea9n y\u1ebfu \u0111\u1ebfn t\u1eeb th\u00f3i quen c\u1ee7a ng\u01b0\u1eddi d\u00f9ng. D\u01b0\u1edbi \u0111\u00e2y l\u00e0 m\u1ed9t s\u1ed1 nguy\u00ean nh\u00e2n g\u00e2y ra t\u00ecnh tr\u1ea1ng h\u1ecfng m\u1eb7t k\u00ednh d\u1eabn \u0111\u1ebfn thay \u00e9p m\u1eb7t k\u00ednh iPhone 15\/ 15 Plus :<\/p>\n<ul>\n<li>R\u01a1i r\u1edbt: \u0110\u00e2y l\u00e0 nguy\u00ean nh\u00e2n chu\u1ea9n y\u1ebfu g\u00e2y ra t\u00ecnh tr\u1ea1ng n\u1ee9t v\u1ee1 m\u00e0n h\u00ecnh, b\u1ea1n v\u00f4 t\u00ecnh l\u00e0m r\u01a1i chi\u1ebfc \u0111i\u1ec7n tho\u1ea1i xu\u1ed1ng m\u1eaft s\u00e0n c\u1ee9ng v\u00ec v\u1eady g\u00e2y ra n\u1ee9t v\u1ee1 m\u1eb7t k\u00ednh iPhone .<\/li>\n<li>Kh\u00f4ng trang b\u1ecb ph\u1ee5 ki\u1ec7n \u0111\u1ec3 b\u1ea3o v\u1ec7: \u0110\u1ed1i v\u1edbi m\u00e0n h\u00ecnh trang b\u1ecb k\u00ednh c\u01b0\u1eddng l\u1ef1c th\u1ef1c s\u1ef1 r\u1ea5t c\u1ea7n thi\u1ebft. Giups b\u1ea3o v\u1ec7 m\u00e0n h\u00ecnh \u0111i\u1ec7n tho\u1ea1i tr\u01b0\u1edbc nh\u1eefng va \u0111\u1eadp kh\u00f4ng \u0111\u00e1ng c\u00f3.<\/li>\n<\/ul>\n<p><img loading=\"lazy\" decoding=\"async\" class=\"alignnone size-full wp-image-67108\" src=\"https:\/\/image.dienthoaivui.com.vn\/x,webp,q90\/https:\/\/dashboard.dienthoaivui.com.vn\/uploads\/wp-content\/uploads\/2019\/03\/thay-kinh-iphone-x.jpg\" alt=\"Nguy\u00ean nh\u00e2n g\u00e2y ra h\u01b0 h\u1ecfng m\u1eb7t k\u00ednh iPhone X\" width=\"840\" height=\"600\" \/><\/p>\n<p>Tr\u00ean \u0111\u00e2y l\u00e0 m\u1ed9t s\u1ed1 nguy\u00ean nh\u00e2n c\u01a1 b\u1ea3n g\u00e2y ra t\u00ecnh tr\u1ea1ng h\u01b0 h\u1ecfng m\u1eb7t k\u00ednh, b\u1ea1n c\u1ea7n l\u01b0u \u00fd trong qu\u00e1 tr\u00ecnh s\u1eed d\u1ee5ng nh\u00e9!<\/p>\n<h3 id=\"thay-kinh-iphone-co-lam-anh-huong-den-cac-thiet-bi-khac-khong%3F\"><b>Thay k\u00ednh iPhone c\u00f3 l\u00e0m \u1ea3nh h\u01b0\u1edfng \u0111\u1ebfn c\u00e1c thi\u1ebft b\u1ecb kh\u00e1c kh\u00f4ng?<\/b><\/h3>\n<p>M\u1eb7t k\u00ednh l\u00e0 b\u1ed9 ph\u1ea7n b\u00ean ngo\u00e0i \u0111\u1ec3 b\u1ea3o v\u1ec7 c\u00e1c linh ki\u1ec7n b\u00ean trong nh\u01b0 c\u1ea3m \u1ee9ng, t\u1ea5m n\u1ec1n v\u00e0 c\u00e1c linh ki\u1ec7n kh\u00e1c c\u1ee7a chi\u1ebfc \u0111i\u1ec7n tho\u1ea1i iPhone .<\/p>\n<p><img loading=\"lazy\" decoding=\"async\" class=\"alignnone size-full wp-image-67107\" src=\"https:\/\/image.dienthoaivui.com.vn\/x,webp,q90\/https:\/\/dashboard.dienthoaivui.com.vn\/uploads\/wp-content\/uploads\/2019\/03\/thay-kinh-iphone-x-1.jpg\" alt=\"Thay k\u00ednh iPhone X c\u00f3 l\u00e0m \u1ea3nh h\u01b0\u1edfng \u0111\u1ebfn c\u00e1c thi\u1ebft b\u1ecb kh\u00e1c kh\u00f4ng?\" width=\"840\" height=\"500\" \/><\/p>\n<p>V\u00ec th\u1ebf khi\u00a0<strong>thay \u00e9p k\u00ednh iPhone<\/strong>\u00a0s\u1ebd kh\u00f4ng b\u1ecb \u1ea3nh h\u01b0\u1edfng \u0111\u1ebfn c\u00e1c linh ki\u1ec7n kh\u00e1c b\u00ean trong m\u00e0 c\u00f2n c\u1ea3i thi\u1ec7n \u0111\u01b0\u1ee3c ch\u1ea5t l\u01b0\u1ee3ng h\u00ecnh \u1ea3nh khi hi\u1ec3n th\u1ecb tr\u00ean m\u00e0n h\u00ecnh v\u00e0 h\u01a1n th\u1ebf mang \u0111\u1ebfn \u0111\u01b0\u1ee3c s\u1ef1 tr\u1ea3i nghi\u1ec7m tho\u1ea3i m\u00e1i nh\u01b0 l\u00fac m\u1edbi mua.<\/p>\n<h2 id=\"thay-ep-kinh-iphone-x-gia-bao-nhieu%3F\"><strong>Thay \u00e9p k\u00ednh iPhone 15\/ 15 Plus gi\u00e1 bao nhi\u00eau?<\/strong><\/h2>\n<p><span data-sheets-value=\"{\" data-sheets-userformat=\"{\">Gi\u00e1 tham kh\u1ea3o d\u1ecbch v\u1ee5 \u00e9p k\u00ednh iPhone 15\/ 15 Plus t\u1ea1i TPHCM:<\/span><\/p>\n<ul>\n<li class=\"font-semibold\">Thay \u00e9p k\u00ednh iPhone X: 300.000 \u20ab<\/li>\n<li class=\"font-semibold\">Thay \u00e9p k\u00ednh iPhone XR: 300.000 \u20ab<\/li>\n<li class=\"font-semibold\">Thay \u00e9p k\u00ednh iPhone XS: 300.000 \u20ab<\/li>\n<li class=\"font-semibold\">Thay \u00e9p k\u00ednh iPhone XS Max: 450.000 \u20ab<\/li>\n<li class=\"font-semibold\">Thay \u00e9p k\u00ednh iPhone 11: 300.000 \u20ab<\/li>\n<\/ul>\n<p>Gi\u00e1 thay \u00e9p k\u00ednh iPhone 15\/ 15 Plus dao \u0111\u1ed9ng t\u1eeb 1.300.000\u0111. <span data-sheets-value=\"{\" data-sheets-userformat=\"{\">Gi\u00e1 \u00e9p k\u00ednh iPhone\u00a0 \u0111\u00e3 c\u00f3 c\u00f4ng th\u1ee3, kh\u00f4ng th\u00eam chi ph\u00ed n\u00e0o kh\u00e1c. \u0110\u1ec3 tham kh\u1ea3o th\u00eam b\u1ea3ng gi\u00e1 th\u00eam d\u1ecbch v\u1ee5, qu\u00fd kh\u00e1ch vui l\u00f2ng li\u00ean h\u1ec7 ngay t\u1ed5ng \u0111\u00e0i \u0111\u1ec3 nh\u1eadn \u01b0u \u0111\u00e3i t\u1ed1t nh\u1ea5t.<\/span><\/p>\n<p>&nbsp;<\/p>\n<h2 id=\"dia-chi-thay-ep-mat-kinh-iphone-x-uy-tin%2C-chuyen-nghiep-tai-tphcm%2C-ha-noi\"><strong>\u0110\u1ecba ch\u1ec9 thay \u00e9p m\u1eb7t k\u00ednh iPhone 15\/ 15 Plus uy t\u00edn, chuy\u00ean nghi\u1ec7p t\u1ea1i TPHCM.<\/strong><\/h2>\n<p>M\u1eb7t k\u00ednh m\u00e0n h\u00ecnh l\u00e0 m\u1ed9t trong nh\u1eefng ph\u1ee5 ki\u1ec7n c\u00f3 t\u1ec9 l\u1ec7 h\u01b0 h\u1ecfng kh\u00e1 cao. Trong khi \u0111\u00f3, chi ph\u00ed s\u1eeda ch\u1eefa, thay th\u1ebf m\u00e0n h\u00ecnh l\u1ea1i kh\u00f4ng h\u1ec1 r\u1ebb.<\/p>\n<p>KhoiNguyenMobile l\u00e0 trung t\u00e2m s\u1eeda ch\u1eefa \u0111i\u1ec7n tho\u1ea1i uy t\u00edn t\u1ea1i th\u00e0nh ph\u1ed1 H\u1ed3 Ch\u00ed Minh. H\u00e3y mang ngay chi\u1ebfc \u0111i\u1ec7n tho\u1ea1i h\u01b0 h\u1ecfng m\u1eb7t k\u00ednh \u0111\u1ebfn ngay KhoiNguyenMobile \u0111\u1ec3 \u0111\u01b0\u1ee3c thay k\u00ednh iPhone\u00a0 ch\u1ea5t l\u01b0\u1ee3ng v\u1edbi ch\u00ednh s\u00e1ch b\u1ea3o h\u00e0nh l\u00ean \u0111\u1ebfn 12 th\u00e1ng kh\u00f4ng n\u1ed5i b\u1ecdt bung keo. B\u1ea3o h\u00e0nh n\u1ee9t v\u1ee1 k\u00ednh trong 30 ng\u00e0y \u0111\u1ea7u (k\u1ec3 c\u1ea3 l\u1ed7i do ng\u01b0\u1eddi d\u00f9ng).<\/p>\n<table dir=\"ltr\" border=\"1\" cellspacing=\"0\" cellpadding=\"0\">\n<colgroup>\n<col width=\"434\" \/>\n<col width=\"402\" \/><\/colgroup>\n<tbody>\n<tr>\n<td data-sheets-value=\"{\">\u2705 Mi\u1ec5n ph\u00ed<\/td>\n<td data-sheets-value=\"{\">\u2b50\ufe0f S\u1ea5y m\u00e1y v\u00e0o n\u01b0\u1edbc<\/td>\n<\/tr>\n<tr>\n<td data-sheets-value=\"{\">\u2705 Th\u1eddi gian ho\u1ea1t \u0111\u1ed9ng<\/td>\n<td data-sheets-value=\"{\">\u2b50\ufe0f 08h &#8211; 21h h\u00e0ng ng\u00e0y<\/td>\n<\/tr>\n<tr>\n<td data-sheets-value=\"{\">\u2705 L\u1ea5y nhanh<\/td>\n<td data-sheets-value=\"{\">\u2b50\ufe0f 30 Ph\u00fat<\/td>\n<\/tr>\n<tr>\n<td data-sheets-value=\"{\">\u2705 C\u00f4ng thay th\u1ebf<\/td>\n<td data-sheets-value=\"{\">\u2b50\ufe0f Mi\u1ec5n ph\u00ed<\/td>\n<\/tr>\n<tr>\n<td data-sheets-value=\"{\">\u2705 Linh ki\u1ec7n<\/td>\n<td data-sheets-value=\"{\">\u2b50\ufe0f Ch\u00ednh h\u00e3ng<\/td>\n<\/tr>\n<tr>\n<td data-sheets-value=\"{\">\u2705 Li\u00ean h\u1ec7 ngay<\/td>\n<td data-sheets-value=\"{\">\u2b50\ufe0f 1800.2064<\/td>\n<\/tr>\n<\/tbody>\n<\/table>\n<p>\u0110\u1ebfn v\u1edbi c\u00e1c c\u1eeda h\u00e0ng KhoiNguyenMobile, thi\u1ebft b\u1ecb c\u1ee7a b\u1ea1n s\u1ebd \u0111\u01b0\u1ee3c ti\u1ebfp nh\u1eadn b\u1edfi \u0111\u1ed9i ng\u0169 gi\u00e0u kinh nghi\u1ec7m th\u1ef1c hi\u1ec7n theo quy tr\u00ecnh s\u1eeda ch\u1eefa nghi\u00eam ng\u1eb7t \u0111\u1ec3 \u0111\u1ea3m b\u1ea3o b\u1ea1n c\u00f3 th\u1ec3 l\u1ea5y li\u1ec1n trong ng\u00e0y v\u00e0 linh ki\u1ec7n thay th\u1ebf lu\u00f4n \u0111\u01b0\u1ee3c \u0111\u00e1nh gi\u00e1 c\u00f3 ch\u1ea5t l\u01b0\u1ee3ng t\u1ed1t tr\u00ean th\u1ecb tr\u01b0\u1eddng.<\/p>\n<p><img loading=\"lazy\" decoding=\"async\" class=\"wp-image-7726 aligncenter\" src=\"https:\/\/image.dienthoaivui.com.vn\/x,webp,q90\/https:\/\/dashboard.dienthoaivui.com.vn\/uploads\/wp-content\/uploads\/2019\/03\/Thay-kinh-iphone-X-4.jpg\" alt=\"Thay k\u00ednh iPhone X - nhanh ch\u00f3ng, chuy\u00ean nghi\u1ec7p t\u1ea1i \u0110i\u1ec7n Tho\u1ea1i Vui\" width=\"640\" height=\"427\" \/><\/p>\n<p>Hi\u1ec3u \u0111\u01b0\u1ee3c \u0111i\u1ec1u \u0111\u00f3, h\u1ec7 th\u1ed1ng KhoiNguyenMobile \u0111\u00e3 v\u00e0 \u0111ang h\u1ed7 tr\u1ee3 d\u1ecbch v\u1ee5 thay k\u00ednh, <strong>\u00e9p k\u00ednh iPhone 15\/ 15 Plus <\/strong>gi\u00e1 r\u1ebb, l\u1ea5y ngay. Ngo\u00e0i ra, c\u00f2n c\u00f3 c\u00e1c d\u1ecbch v\u1ee5 thay \u00e9p k\u00ednh \u0111i\u1ec7n tho\u1ea1i uy t\u00edn kh\u00e1c d\u00e0nh cho c\u00e1c d\u00f2ng iPhone \u0111\u1eddi cao nh\u01b0: \u00e9p k\u00ednh iPhone 14 Pro, iPhone 14 Pro Max, iPhone 14, thay \u00e9p k\u00ednh iPhone 15 Pro, v\u00e0 iPhone 15 Pro Max gi\u00e1 r\u1ebb.<\/p>\n","protected":false},"excerpt":{"rendered":"<div class=\"mb-[10px] flex items-start justify-start\">\n<div class=\"flex-1 text-xs w600:text-sm text-[#4a4a4a]\">\n<ul>\n<li id=\"render-html\" class=\"w-full\">B\u1ea3o h\u00e0nh bung keo &#8211; n\u1ed5i b\u1ecdt tr\u1ecdn \u0111\u1eddi, r\u01a1i v\u1ee1 30 ng\u00e0y, c\u1ea3m \u1ee9ng 6 th\u00e1ng (\u0111\u1ed1i v\u1edbi thay k\u00ednh c\u1ea3m \u1ee9ng)\u00a0<a class=\"inline text-xs w600:text-sm text-dtv\" href=\"https:\/\/dienthoaivui.com.vn\/chinh-sach-bao-hanh\" target=\"_blank\" rel=\"noopener\">(Xem chi ti\u1ebft)<\/a><\/li>\n<\/ul>\n<\/div>\n<\/div>\n<div class=\"mb-[10px] flex items-start justify-start\">\n<div class=\"text-xs w600:text-sm text-[#4a4a4a]\"><\/div>\n<\/div>\n<div class=\"mb-[10px] flex items-start justify-start\">\n<div class=\"text-xs w600:text-sm text-[#4a4a4a]\">\n<ul>\n<li id=\"render-html\" class=\"w-full\">Th\u1eddi gian s\u1eeda ch\u1eefa 1-2 gi\u1edd, tr\u01b0\u1eddng h\u1ee3p kh\u00f4ng c\u00f3 s\u1eb5n linh ki\u1ec7n th\u00ec c\u1ea7n \u0111\u1ec3 l\u1ea1i m\u00e1y t\u1eeb 1-2 ng\u00e0y v\u00e0 c\u00f3 k\u00fd t\u00ean l\u00ean linh ki\u1ec7n. Thay th\u1ebf tr\u1ef1c ti\u1ebfp, qu\u00fd kh\u00e1ch h\u00e0ng c\u00f3 th\u1ec3 quan s\u00e1t to\u00e0n b\u1ed9 qu\u00e1 tr\u00ecnh th\u1ef1c hi\u1ec7n. Ki\u1ec3m tra v\u00e0 v\u1ec7 sinh mi\u1ec5n ph\u00ed<\/li>\n<\/ul>\n<\/div>\n<\/div>\n<div class=\"mb-[10px] flex items-start justify-start\">\n<ul>\n<li class=\"text-xs w600:text-sm text-[#4a4a4a]\">Gi\u00e1 s\u1ea3n ph\u1ea9m \u0111\u00e3 bao g\u1ed3m c\u00f4ng th\u1ee3 &#8211; Kh\u00f4ng ph\u00e1t sinh th\u00eam ph\u00ed v\u00e0 \u0111\u00e3 bao g\u1ed3m VAT<\/li>\n<\/ul>\n<p><a href=\"http:\/\/localhost\/phoneweb\/index.php\/dat-lich\/\"><br \/>\n<button style=\"background-color: #000; color: #fff; padding: 18px; border-radius: 4px; font-size: 15px; margin-left: 100px; border: none;\" type=\"button\">\u0110\u1eb7t l\u1ecbch s\u1eeda ch\u1eefa<\/button><br \/>\n<\/a><\/p>\n<\/div>\n","protected":false},"featured_media":347,"comment_status":"open","ping_status":"closed","template":"","meta":[],"product_brand":[],"product_cat":[23],"product_tag":[104,103],"class_list":{"0":"post-355","1":"product","2":"type-product","3":"status-publish","4":"has-post-thumbnail","6":"product_cat-sua-chua","7":"product_tag-ep-cam-ung","8":"product_tag-thay-pin-iphone","10":"first","11":"outofstock","12":"shipping-taxable","13":"purchasable","14":"product-type-simple"},"yoast_head":"<!-- This site is optimized with the Yoast SEO plugin v25.2 - https:\/\/yoast.com\/wordpress\/plugins\/seo\/ -->\n<title>Thay m\u1eb7t k\u00ednh, \u00e9p k\u00ednh iPhone 15\/ 15 Plus - Kh\u1edfi Nguy\u00ean Mobile<\/title>\n<meta name=\"robots\" content=\"index, follow, max-snippet:-1, max-image-preview:large, max-video-preview:-1\" \/>\n<link rel=\"canonical\" href=\"http:\/\/localhost\/phoneweb\/index.php\/product\/thay-mat-kinh-ep-kinh-iphone-15-15-plus\/\" \/>\n<meta property=\"og:locale\" content=\"vi_VN\" \/>\n<meta property=\"og:type\" content=\"article\" \/>\n<meta property=\"og:title\" content=\"Thay m\u1eb7t k\u00ednh, \u00e9p k\u00ednh iPhone 15\/ 15 Plus - Kh\u1edfi Nguy\u00ean Mobile\" \/>\n<meta property=\"og:description\" content=\"B\u1ea3o h\u00e0nh bung keo - n\u1ed5i b\u1ecdt tr\u1ecdn \u0111\u1eddi, r\u01a1i v\u1ee1 30 ng\u00e0y, c\u1ea3m \u1ee9ng 6 th\u00e1ng (\u0111\u1ed1i v\u1edbi thay k\u00ednh c\u1ea3m \u1ee9ng)\u00a0(Xem chi ti\u1ebft)           Th\u1eddi gian s\u1eeda ch\u1eefa 1-2 gi\u1edd, tr\u01b0\u1eddng h\u1ee3p kh\u00f4ng c\u00f3 s\u1eb5n linh ki\u1ec7n th\u00ec c\u1ea7n \u0111\u1ec3 l\u1ea1i m\u00e1y t\u1eeb 1-2 ng\u00e0y v\u00e0 c\u00f3 k\u00fd t\u00ean l\u00ean linh ki\u1ec7n. Thay th\u1ebf tr\u1ef1c ti\u1ebfp, qu\u00fd kh\u00e1ch h\u00e0ng c\u00f3 th\u1ec3 quan s\u00e1t to\u00e0n b\u1ed9 qu\u00e1 tr\u00ecnh th\u1ef1c hi\u1ec7n. Ki\u1ec3m tra v\u00e0 v\u1ec7 sinh mi\u1ec5n ph\u00ed       Gi\u00e1 s\u1ea3n ph\u1ea9m \u0111\u00e3 bao g\u1ed3m c\u00f4ng th\u1ee3 - Kh\u00f4ng ph\u00e1t sinh th\u00eam ph\u00ed v\u00e0 \u0111\u00e3 bao g\u1ed3m VAT   \u0110\u1eb7t l\u1ecbch s\u1eeda ch\u1eefa\" \/>\n<meta property=\"og:url\" content=\"http:\/\/localhost\/phoneweb\/index.php\/product\/thay-mat-kinh-ep-kinh-iphone-15-15-plus\/\" \/>\n<meta property=\"og:site_name\" content=\"Kh\u1edfi Nguy\u00ean Mobile\" \/>\n<meta property=\"article:modified_time\" content=\"2025-05-21T04:42:59+00:00\" \/>\n<meta property=\"og:image\" content=\"http:\/\/localhost\/phoneweb\/wp-content\/uploads\/2025\/05\/kinh-ip13.jpg\" \/>\n\t<meta property=\"og:image:width\" content=\"1500\" \/>\n\t<meta property=\"og:image:height\" content=\"1500\" \/>\n\t<meta property=\"og:image:type\" content=\"image\/jpeg\" \/>\n<meta name=\"twitter:card\" content=\"summary_large_image\" \/>\n<meta name=\"twitter:label1\" content=\"\u01af\u1edbc t\u00ednh th\u1eddi gian \u0111\u1ecdc\" \/>\n\t<meta name=\"twitter:data1\" content=\"5 ph\u00fat\" \/>\n<script type=\"application\/ld+json\" class=\"yoast-schema-graph\">{\"@context\":\"https:\/\/schema.org\",\"@graph\":[{\"@type\":\"WebPage\",\"@id\":\"http:\/\/localhost\/phoneweb\/index.php\/product\/thay-mat-kinh-ep-kinh-iphone-15-15-plus\/\",\"url\":\"http:\/\/localhost\/phoneweb\/index.php\/product\/thay-mat-kinh-ep-kinh-iphone-15-15-plus\/\",\"name\":\"Thay m\u1eb7t k\u00ednh, \u00e9p k\u00ednh iPhone 15\/ 15 Plus - Kh\u1edfi Nguy\u00ean Mobile\",\"isPartOf\":{\"@id\":\"http:\/\/localhost\/phoneweb\/#website\"},\"primaryImageOfPage\":{\"@id\":\"http:\/\/localhost\/phoneweb\/index.php\/product\/thay-mat-kinh-ep-kinh-iphone-15-15-plus\/#primaryimage\"},\"image\":{\"@id\":\"http:\/\/localhost\/phoneweb\/index.php\/product\/thay-mat-kinh-ep-kinh-iphone-15-15-plus\/#primaryimage\"},\"thumbnailUrl\":\"https:\/\/khoinguyenmobile.vn\/wp-content\/uploads\/2025\/05\/kinh-ip13.jpg\",\"datePublished\":\"2025-05-21T04:40:21+00:00\",\"dateModified\":\"2025-05-21T04:42:59+00:00\",\"breadcrumb\":{\"@id\":\"http:\/\/localhost\/phoneweb\/index.php\/product\/thay-mat-kinh-ep-kinh-iphone-15-15-plus\/#breadcrumb\"},\"inLanguage\":\"vi\",\"potentialAction\":[{\"@type\":\"ReadAction\",\"target\":[\"http:\/\/localhost\/phoneweb\/index.php\/product\/thay-mat-kinh-ep-kinh-iphone-15-15-plus\/\"]}]},{\"@type\":\"ImageObject\",\"inLanguage\":\"vi\",\"@id\":\"http:\/\/localhost\/phoneweb\/index.php\/product\/thay-mat-kinh-ep-kinh-iphone-15-15-plus\/#primaryimage\",\"url\":\"https:\/\/khoinguyenmobile.vn\/wp-content\/uploads\/2025\/05\/kinh-ip13.jpg\",\"contentUrl\":\"https:\/\/khoinguyenmobile.vn\/wp-content\/uploads\/2025\/05\/kinh-ip13.jpg\",\"width\":1500,\"height\":1500},{\"@type\":\"BreadcrumbList\",\"@id\":\"http:\/\/localhost\/phoneweb\/index.php\/product\/thay-mat-kinh-ep-kinh-iphone-15-15-plus\/#breadcrumb\",\"itemListElement\":[{\"@type\":\"ListItem\",\"position\":1,\"name\":\"Trang ch\u1ee7\",\"item\":\"https:\/\/khoinguyenmobile.vn\/\"},{\"@type\":\"ListItem\",\"position\":2,\"name\":\"S\u1ea3n ph\u1ea9m\",\"item\":\"http:\/\/localhost\/phoneweb\/index.php\/shop__trashed\/\"},{\"@type\":\"ListItem\",\"position\":3,\"name\":\"Thay m\u1eb7t k\u00ednh, \u00e9p k\u00ednh iPhone 15\/ 15 Plus\"}]},{\"@type\":\"WebSite\",\"@id\":\"http:\/\/localhost\/phoneweb\/#website\",\"url\":\"http:\/\/localhost\/phoneweb\/\",\"name\":\"Phone web\",\"description\":\"D\u1ecbch v\u1ee5 s\u1eeda ch\u1eefa \u0111i\u1ec7n tho\u1ea1i nhanh, uy t\u00edn nh\u1ea5t TP. H\u1ed3 Ch\u00ed Minh\",\"publisher\":{\"@id\":\"http:\/\/localhost\/phoneweb\/#\/schema\/person\/36dab0cbc8a178ff4735ed76dc9ebc68\"},\"potentialAction\":[{\"@type\":\"SearchAction\",\"target\":{\"@type\":\"EntryPoint\",\"urlTemplate\":\"http:\/\/localhost\/phoneweb\/?s={search_term_string}\"},\"query-input\":{\"@type\":\"PropertyValueSpecification\",\"valueRequired\":true,\"valueName\":\"search_term_string\"}}],\"inLanguage\":\"vi\"},{\"@type\":[\"Person\",\"Organization\"],\"@id\":\"http:\/\/localhost\/phoneweb\/#\/schema\/person\/36dab0cbc8a178ff4735ed76dc9ebc68\",\"name\":\"phoneweb\",\"image\":{\"@type\":\"ImageObject\",\"inLanguage\":\"vi\",\"@id\":\"http:\/\/localhost\/phoneweb\/#\/schema\/person\/image\/\",\"url\":\"https:\/\/secure.gravatar.com\/avatar\/4e06ded711c5afd4d9a0c86c435ecfbc30be037927feba4789c8228f93b60c62?s=96&d=mm&r=g\",\"contentUrl\":\"https:\/\/secure.gravatar.com\/avatar\/4e06ded711c5afd4d9a0c86c435ecfbc30be037927feba4789c8228f93b60c62?s=96&d=mm&r=g\",\"caption\":\"phoneweb\"},\"logo\":{\"@id\":\"http:\/\/localhost\/phoneweb\/#\/schema\/person\/image\/\"},\"sameAs\":[\"http:\/\/localhost\/phoneweb\"]}]}<\/script>\n<!-- \/ Yoast SEO plugin. -->","yoast_head_json":{"title":"Thay m\u1eb7t k\u00ednh, \u00e9p k\u00ednh iPhone 15\/ 15 Plus - Kh\u1edfi Nguy\u00ean Mobile","robots":{"index":"index","follow":"follow","max-snippet":"max-snippet:-1","max-image-preview":"max-image-preview:large","max-video-preview":"max-video-preview:-1"},"canonical":"http:\/\/localhost\/phoneweb\/index.php\/product\/thay-mat-kinh-ep-kinh-iphone-15-15-plus\/","og_locale":"vi_VN","og_type":"article","og_title":"Thay m\u1eb7t k\u00ednh, \u00e9p k\u00ednh iPhone 15\/ 15 Plus - Kh\u1edfi Nguy\u00ean Mobile","og_description":"B\u1ea3o h\u00e0nh bung keo - n\u1ed5i b\u1ecdt tr\u1ecdn \u0111\u1eddi, r\u01a1i v\u1ee1 30 ng\u00e0y, c\u1ea3m \u1ee9ng 6 th\u00e1ng (\u0111\u1ed1i v\u1edbi thay k\u00ednh c\u1ea3m \u1ee9ng)\u00a0(Xem chi ti\u1ebft)           Th\u1eddi gian s\u1eeda ch\u1eefa 1-2 gi\u1edd, tr\u01b0\u1eddng h\u1ee3p kh\u00f4ng c\u00f3 s\u1eb5n linh ki\u1ec7n th\u00ec c\u1ea7n \u0111\u1ec3 l\u1ea1i m\u00e1y t\u1eeb 1-2 ng\u00e0y v\u00e0 c\u00f3 k\u00fd t\u00ean l\u00ean linh ki\u1ec7n. Thay th\u1ebf tr\u1ef1c ti\u1ebfp, qu\u00fd kh\u00e1ch h\u00e0ng c\u00f3 th\u1ec3 quan s\u00e1t to\u00e0n b\u1ed9 qu\u00e1 tr\u00ecnh th\u1ef1c hi\u1ec7n. Ki\u1ec3m tra v\u00e0 v\u1ec7 sinh mi\u1ec5n ph\u00ed       Gi\u00e1 s\u1ea3n ph\u1ea9m \u0111\u00e3 bao g\u1ed3m c\u00f4ng th\u1ee3 - Kh\u00f4ng ph\u00e1t sinh th\u00eam ph\u00ed v\u00e0 \u0111\u00e3 bao g\u1ed3m VAT   \u0110\u1eb7t l\u1ecbch s\u1eeda ch\u1eefa","og_url":"http:\/\/localhost\/phoneweb\/index.php\/product\/thay-mat-kinh-ep-kinh-iphone-15-15-plus\/","og_site_name":"Kh\u1edfi Nguy\u00ean Mobile","article_modified_time":"2025-05-21T04:42:59+00:00","og_image":[{"width":1500,"height":1500,"url":"http:\/\/localhost\/phoneweb\/wp-content\/uploads\/2025\/05\/kinh-ip13.jpg","type":"image\/jpeg"}],"twitter_card":"summary_large_image","twitter_misc":{"\u01af\u1edbc t\u00ednh th\u1eddi gian \u0111\u1ecdc":"5 ph\u00fat"},"schema":{"@context":"https:\/\/schema.org","@graph":[{"@type":"WebPage","@id":"http:\/\/localhost\/phoneweb\/index.php\/product\/thay-mat-kinh-ep-kinh-iphone-15-15-plus\/","url":"http:\/\/localhost\/phoneweb\/index.php\/product\/thay-mat-kinh-ep-kinh-iphone-15-15-plus\/","name":"Thay m\u1eb7t k\u00ednh, \u00e9p k\u00ednh iPhone 15\/ 15 Plus - Kh\u1edfi Nguy\u00ean Mobile","isPartOf":{"@id":"http:\/\/localhost\/phoneweb\/#website"},"primaryImageOfPage":{"@id":"http:\/\/localhost\/phoneweb\/index.php\/product\/thay-mat-kinh-ep-kinh-iphone-15-15-plus\/#primaryimage"},"image":{"@id":"http:\/\/localhost\/phoneweb\/index.php\/product\/thay-mat-kinh-ep-kinh-iphone-15-15-plus\/#primaryimage"},"thumbnailUrl":"https:\/\/khoinguyenmobile.vn\/wp-content\/uploads\/2025\/05\/kinh-ip13.jpg","datePublished":"2025-05-21T04:40:21+00:00","dateModified":"2025-05-21T04:42:59+00:00","breadcrumb":{"@id":"http:\/\/localhost\/phoneweb\/index.php\/product\/thay-mat-kinh-ep-kinh-iphone-15-15-plus\/#breadcrumb"},"inLanguage":"vi","potentialAction":[{"@type":"ReadAction","target":["http:\/\/localhost\/phoneweb\/index.php\/product\/thay-mat-kinh-ep-kinh-iphone-15-15-plus\/"]}]},{"@type":"ImageObject","inLanguage":"vi","@id":"http:\/\/localhost\/phoneweb\/index.php\/product\/thay-mat-kinh-ep-kinh-iphone-15-15-plus\/#primaryimage","url":"https:\/\/khoinguyenmobile.vn\/wp-content\/uploads\/2025\/05\/kinh-ip13.jpg","contentUrl":"https:\/\/khoinguyenmobile.vn\/wp-content\/uploads\/2025\/05\/kinh-ip13.jpg","width":1500,"height":1500},{"@type":"BreadcrumbList","@id":"http:\/\/localhost\/phoneweb\/index.php\/product\/thay-mat-kinh-ep-kinh-iphone-15-15-plus\/#breadcrumb","itemListElement":[{"@type":"ListItem","position":1,"name":"Trang ch\u1ee7","item":"https:\/\/khoinguyenmobile.vn\/"},{"@type":"ListItem","position":2,"name":"S\u1ea3n ph\u1ea9m","item":"http:\/\/localhost\/phoneweb\/index.php\/shop__trashed\/"},{"@type":"ListItem","position":3,"name":"Thay m\u1eb7t k\u00ednh, \u00e9p k\u00ednh iPhone 15\/ 15 Plus"}]},{"@type":"WebSite","@id":"http:\/\/localhost\/phoneweb\/#website","url":"http:\/\/localhost\/phoneweb\/","name":"Phone web","description":"D\u1ecbch v\u1ee5 s\u1eeda ch\u1eefa \u0111i\u1ec7n tho\u1ea1i nhanh, uy t\u00edn nh\u1ea5t TP. H\u1ed3 Ch\u00ed Minh","publisher":{"@id":"http:\/\/localhost\/phoneweb\/#\/schema\/person\/36dab0cbc8a178ff4735ed76dc9ebc68"},"potentialAction":[{"@type":"SearchAction","target":{"@type":"EntryPoint","urlTemplate":"http:\/\/localhost\/phoneweb\/?s={search_term_string}"},"query-input":{"@type":"PropertyValueSpecification","valueRequired":true,"valueName":"search_term_string"}}],"inLanguage":"vi"},{"@type":["Person","Organization"],"@id":"http:\/\/localhost\/phoneweb\/#\/schema\/person\/36dab0cbc8a178ff4735ed76dc9ebc68","name":"phoneweb","image":{"@type":"ImageObject","inLanguage":"vi","@id":"http:\/\/localhost\/phoneweb\/#\/schema\/person\/image\/","url":"https:\/\/secure.gravatar.com\/avatar\/4e06ded711c5afd4d9a0c86c435ecfbc30be037927feba4789c8228f93b60c62?s=96&d=mm&r=g","contentUrl":"https:\/\/secure.gravatar.com\/avatar\/4e06ded711c5afd4d9a0c86c435ecfbc30be037927feba4789c8228f93b60c62?s=96&d=mm&r=g","caption":"phoneweb"},"logo":{"@id":"http:\/\/localhost\/phoneweb\/#\/schema\/person\/image\/"},"sameAs":["http:\/\/localhost\/phoneweb"]}]}},"_links":{"self":[{"href":"https:\/\/khoinguyenmobile.vn\/index.php\/wp-json\/wp\/v2\/product\/355","targetHints":{"allow":["GET"]}}],"collection":[{"href":"https:\/\/khoinguyenmobile.vn\/index.php\/wp-json\/wp\/v2\/product"}],"about":[{"href":"https:\/\/khoinguyenmobile.vn\/index.php\/wp-json\/wp\/v2\/types\/product"}],"replies":[{"embeddable":true,"href":"https:\/\/khoinguyenmobile.vn\/index.php\/wp-json\/wp\/v2\/comments?post=355"}],"wp:featuredmedia":[{"embeddable":true,"href":"https:\/\/khoinguyenmobile.vn\/index.php\/wp-json\/wp\/v2\/media\/347"}],"wp:attachment":[{"href":"https:\/\/khoinguyenmobile.vn\/index.php\/wp-json\/wp\/v2\/media?parent=355"}],"wp:term":[{"taxonomy":"product_brand","embeddable":true,"href":"https:\/\/khoinguyenmobile.vn\/index.php\/wp-json\/wp\/v2\/product_brand?post=355"},{"taxonomy":"product_cat","embeddable":true,"href":"https:\/\/khoinguyenmobile.vn\/index.php\/wp-json\/wp\/v2\/product_cat?post=355"},{"taxonomy":"product_tag","embeddable":true,"href":"https:\/\/khoinguyenmobile.vn\/index.php\/wp-json\/wp\/v2\/product_tag?post=355"}],"curies":[{"name":"wp","href":"https:\/\/api.w.org\/{rel}","templated":true}]}}