{"id":330,"date":"2025-05-20T12:18:00","date_gmt":"2025-05-20T05:18:00","guid":{"rendered":"http:\/\/localhost\/phoneweb\/?post_type=product&#038;p=330"},"modified":"2025-05-20T18:12:33","modified_gmt":"2025-05-20T11:12:33","slug":"thay-mat-kinh-ep-kinh-iphone-6-plus-6s-plus","status":"publish","type":"product","link":"https:\/\/khoinguyenmobile.vn\/index.php\/product\/thay-mat-kinh-ep-kinh-iphone-6-plus-6s-plus\/","title":{"rendered":"Thay m\u1eb7t k\u00ednh, \u00e9p k\u00ednh iPhone 6 Plus\/ 6s Plus"},"content":{"rendered":"<h2 id=\"dich-vu-thay-ep-kinh-iphone-6-gia-re%2C-lay-ngay-tai-dien-thoai-vui\"><strong>D\u1ecbch v\u1ee5 thay \u00e9p k\u00ednh iPhone 6Plus\/ 6s Plus gi\u00e1 r\u1ebb, l\u1ea5y ngay t\u1ea1i KhoiNguyenMobile <\/strong><\/h2>\n<p>\u0110i\u1ec7n Tho\u1ea1i iPhone 6 l\u00e0 m\u1ed9t trong nh\u1eefng chi\u1ebfc iPhone r\u1ea5t ph\u1ed5 bi\u1ebfn t\u1ea1i Vi\u1ec7t Nam b\u1edfi \u0111\u00e2y ch\u00ednh l\u00e0 s\u1ea3n ph\u1ea9m \u0111\u00e1nh d\u1ea5u vi\u1ec7c Apple l\u1ea7n \u0111\u1ea7u ti\u00ean m\u1edf r\u1ed9ng k\u00edch th\u01b0\u1edbc m\u00e0n h\u00ecnh. Tuy nhi\u00ean, trong qu\u00e1 tr\u00ecnh s\u1eed d\u1ee5ng, \u0111\u00f4i khi s\u1ef1 c\u1ed1 x\u1ea3y ra khi\u1ebfn m\u1eb7t k\u00ednh b\u1ea3o v\u1ec7 m\u00e0n h\u00ecnh b\u1ecb h\u1ecfng. \u0110\u1ec3\u00a0<strong>thay \u00e9p k\u00ednh iPhone 6Plus\/ 6s Plus<\/strong> th\u00ec b\u1ea1n h\u00e3y \u0111\u1ebfn KhoiNguyenMobile nh\u1eb1m c\u00f3 l\u1ea1i ni\u1ec1m vui khi s\u1eed d\u1ee5ng chi\u1ebfc \u0111i\u1ec7n tho\u1ea1i c\u1ee7a m\u00ecnh.<\/p>\n<h3><strong>M\u1eb7t k\u00ednh b\u1ea3o v\u1ec7 m\u00e0n h\u00ecnh iPhone <\/strong><strong>6Plus\/ 6s Plus<\/strong><\/h3>\n<p>iPhone 6Plus\/ 6s Plus s\u1edf h\u1eefu m\u00e0n h\u00ecnh k\u00edch th\u01b0\u1edbc 5.5 inch, \u0111\u1ed9 ph\u00e2n gi\u1ea3i <b>1920 x 1080 pixel<\/b> v\u1edbi t\u1ef7 l\u1ec7 16:9 v\u00e0 t\u1ea5m n\u1ec1n IPS LCD. Do \u0111\u00e2y lu\u00f4n l\u00e0 th\u00e0nh ph\u1ea7n quan tr\u1ecdng v\u00e0 \u0111\u1eaft ti\u1ec1n tr\u00ean m\u1ed9t chi\u1ebfc \u0111i\u1ec7n tho\u1ea1i, c\u00e1c nh\u00e0 s\u1ea3n xu\u1ea5t, trong \u0111\u00f3 bao g\u1ed3m Apple trang b\u1ecb m\u1ed9t l\u1edbp k\u00ednh ph\u00eda tr\u00ean \u0111\u1ec3 b\u1ea3o v\u1ec7 m\u00e0n h\u00ecnh.<\/p>\n<p>&nbsp;<\/p>\n<p>Khi x\u1ea3y ra va ch\u1ea1m, m\u1eb7t k\u00ednh s\u1ebd l\u00e0 n\u01a1i h\u1ea5p th\u1ee5 l\u1ef1c t\u00e1c \u0111\u1ed9ng \u0111\u1ec3 che ch\u1eafn cho m\u00e0n h\u00ecnh, gi\u1ea3m thi\u1ec3u r\u1ee7i ro h\u01b0 h\u1ecfng. Ch\u00ednh v\u00ec v\u1eady, n\u1ebfu b\u1ecb va \u0111\u1eadp m\u1ea1nh, m\u1eb7t k\u00ednh s\u1ebd n\u1ee9t v\u1ee1, l\u00e0m \u1ea3nh h\u01b0\u1edfng kh\u00f4ng nh\u1ecf \u0111\u1ebfn tr\u1ea3i nghi\u1ec7m ng\u01b0\u1eddi d\u00f9ng.<\/p>\n<h2><strong>Nh\u1eefng \u0111i\u1ec1u c\u1ea7n bi\u1ebft tr\u01b0\u1edbc khi thay m\u1eb7t k\u00ednh iPhone <\/strong><strong>6Plus\/ 6s Plus<\/strong><\/h2>\n<h3><strong>1. Nguy\u00ean nh\u00e2n v\u00e0 t\u00e1c h\u1ea1i c\u1ee7a vi\u1ec7c h\u1ecfng m\u1eb7t k\u00ednh iPhone <\/strong><strong>6Plus\/ 6s Plus<\/strong><\/h3>\n<p><strong>Thay k\u00ednh iPhone 6 Plus\/ 6s Plus<\/strong> b\u1ecb v\u1ee1 th\u01b0\u1eddng x\u1ea3y ra do tai n\u1ea1n. \u0110\u00f3 l\u00e0 khi ng\u01b0\u1eddi d\u00f9ng v\u00f4 \u00fd \u0111\u1ec3 m\u00e1y r\u01a1i xu\u1ed1ng \u0111\u1ea5t. Ho\u1eb7c, c\u0169ng c\u00f3 th\u1ec3 do h\u1ecd s\u01a1 su\u1ea5t \u0111\u1ec3 v\u1eadt c\u1ee9ng v\u00e0 n\u1eb7ng \u0111\u00e8 l\u00ean b\u1ec1 m\u1eb7t. S\u1ef1 v\u1ed9i v\u00e0ng, qu\u00e1 ch\u00fa t\u00e2m nh\u00ecn v\u00e0o m\u00e0n h\u00ecnh khi di chuy\u1ec3n m\u00e0 kh\u00f4ng \u0111\u1ec3 \u00fd \u0111\u1ebfn xung quanh d\u1eabn \u0111\u1ebfn va qu\u1eb9t v\u1edbi ng\u01b0\u1eddi \/ v\u1eadt d\u1ee5ng kh\u00e1c (c\u00e1nh c\u1eeda ch\u1eb3ng h\u1ea1n) c\u0169ng l\u00e0 nh\u1eefng nguy\u00ean nh\u00e2n ph\u1ed5 bi\u1ebfn d\u1eabn \u0111\u1ebfn vi\u1ec7c m\u1eb7t k\u00ednh b\u1ecb t\u1ed5n h\u1ea1i, \u00e9p k\u00ednh iPhone 6Plus\/ 6s Plus.<\/p>\n<p><img loading=\"lazy\" decoding=\"async\" class=\"alignnone wp-image-12457 size-full\" src=\"https:\/\/image.dienthoaivui.com.vn\/x,webp,q90\/https:\/\/dashboard.dienthoaivui.com.vn\/uploads\/wp-content\/uploads\/2019\/03\/Thay-kinh-iPhone-6-2.jpg\" alt=\"nguyen-nhan-dan-den-hong-kinh-cua-iphone-series-6\" width=\"840\" height=\"475\" \/><\/p>\n<p>Khi m\u1eb7t k\u00ednh iPhone 6Plus\/ 6s Plus,\u00a0 b\u1ecb v\u1ee1, tr\u00ean b\u1ec1 m\u1eb7t s\u1ebd xu\u1ea5t hi\u1ec7n nh\u1eefng v\u1ebft n\u1ee9t. L\u1ef1c va ph\u1ea3i c\u00e0ng l\u1edbn, v\u1ebft n\u1ee9t hi\u1ec7n l\u00ean c\u00e0ng nhi\u1ec1u. Khi c\u00f3 qu\u00e1 nhi\u1ec1u v\u1ebft n\u1ee9t k\u00ednh, b\u1ea1n s\u1ebd kh\u00f3 c\u00f3 th\u1ec3 nh\u00ecn th\u1ea5y \u1ea3nh, video n\u00f3i ri\u00eang v\u00e0 t\u1ea5t c\u1ea3 nh\u1eefng n\u1ed9i dung hi\u1ec3n th\u1ecb tr\u00ean m\u00e0n h\u00ecnh n\u00f3i chung m\u1ed9t c\u00e1ch r\u00f5 n\u00e9t v\u00e0 tho\u1ea3i m\u00e1i. Ch\u00ednh v\u00ec v\u1eady, b\u1ea1n c\u1ea7n ti\u1ebfn h\u00e0nh <strong>thay \u00e9p k\u00ednh iPhone<\/strong>\u00a0l\u1ea5y li\u1ec1n.<\/p>\n<p><img loading=\"lazy\" decoding=\"async\" class=\"alignnone wp-image-12458 size-full\" src=\"https:\/\/image.dienthoaivui.com.vn\/x,webp,q90\/https:\/\/dashboard.dienthoaivui.com.vn\/uploads\/wp-content\/uploads\/2019\/03\/Thay-kinh-iPhone-6-3.jpg\" alt=\"thay-va-ep-kinh-dien-thoai-iphone-6\" width=\"840\" height=\"575\" \/><\/p>\n<h2 id=\"thay-ep-kinh-iphone-6-chinh-hang-gia-bao-nhieu-tien%3F\"><strong>Thay \u00e9p k\u00ednh iPhone\u00a06Plus\/ 6s Plus ch\u00ednh h\u00e3ng gi\u00e1 bao nhi\u00eau ti\u1ec1n?<\/strong><\/h2>\n<p><span data-sheets-value=\"{\" data-sheets-userformat=\"{\">Gi\u00e1 tham kh\u1ea3o d\u1ecbch v\u1ee5 thay \u00e9p k\u00ednh iPhone 6Plus\/ 6s Plus t\u1ea1i TPHCM:<\/span><\/p>\n<ul>\n<li class=\"font-semibold\">Thay \u00e9p k\u00ednh iPhone 6: 150.000 \u20ab<\/li>\n<li class=\"font-semibold\">Thay \u00e9p k\u00ednh iPhone 6 Plus: 200.000\u00a0\u20ab<\/li>\n<li class=\"font-semibold\">Thay \u00e9p k\u00ednh iPhone 6S: 150.000 \u20ab<\/li>\n<li class=\"font-semibold\">Thay \u00e9p k\u00ednh iPhone 6S Plus: 200.000\u00a0\u20ab<\/li>\n<li class=\"font-semibold\">Thay \u00e9p k\u00ednh iPhone 7: 200.000\u00a0\u20ab<\/li>\n<li class=\"font-semibold\">Thay \u00e9p k\u00ednh iPhone 7 Plus: 200.000 \u20ab<\/li>\n<li class=\"font-semibold\">Thay \u00e9p k\u00ednh iPhone 8: 200.000 \u20ab<\/li>\n<li class=\"font-semibold\">Thay \u00e9p k\u00ednh iPhone 8 Plus: 200.000 \u20ab<\/li>\n<\/ul>\n<p><span data-sheets-value=\"{\" data-sheets-userformat=\"{\">Gi\u00e1 \u00e9p k\u00ednh iPhone 6Plus\/ 6s Plus \u0111\u00e3 c\u00f3 c\u00f4ng th\u1ee3, kh\u00f4ng th\u00eam chi ph\u00ed n\u00e0o kh\u00e1c. \u0110\u1ec3 tham kh\u1ea3o th\u00eam b\u1ea3ng gi\u00e1 th\u00eam d\u1ecbch v\u1ee5, qu\u00fd kh\u00e1ch vui l\u00f2ng li\u00ean h\u1ec7 ngay t\u1ed5ng \u0111\u00e0i \u0111\u1ec3 nh\u1eadn \u01b0u \u0111\u00e3i t\u1ed1t nh\u1ea5t.<\/span><\/p>\n<p>&nbsp;<\/p>\n<h2 id=\"ep-kinh-dien-thoai-iphone-6-gia-tot-nhat-tai-ha-noi-va-ho-chi-minh\"><strong>\u00c9p k\u00ednh \u0111i\u1ec7n tho\u1ea1i iPhone 6Plus\/ 6s Plus gi\u00e1 t\u1ed1t nh\u1ea5t t\u1ea1i H\u1ed3 Ch\u00ed Minh<\/strong><\/h2>\n<p>N\u1ebfu \u0111\u00f3 l\u00e0 c\u00e2u h\u1ecfi b\u1ea1n \u0111ang b\u0103n kho\u0103n, m\u1ed9t g\u1ee3i \u00fd ch\u1ea5t l\u01b0\u1ee3ng d\u00e0nh cho b\u1ea1n l\u00e0 KhoiNguyenMobile c\u00e1i t\u00ean c\u00f3 uy t\u00edn l\u00e2u n\u0103m tr\u00ean th\u1ecb tr\u01b0\u1eddng di \u0111\u1ed9ng. Kh\u00f4ng ch\u1ec9 cung c\u1ea5p \u0111a d\u1ea1ng c\u00e1c lo\u1ea1i s\u1ea3n ph\u1ea9m nh\u01b0 \u0111i\u1ec7n tho\u1ea1i, m\u00e1y t\u00ednh b\u1ea3ng, laptop v\u00e0 ph\u1ee5 ki\u1ec7n, ch\u00fang t\u00f4i c\u00f2n s\u1edf h\u1eefu k\u00eanh YouTube KhoiNguyenMobile \u2013 \u0111i\u1ec3m \u0111\u1ebfn c\u1ee7a nhi\u1ec1u ng\u01b0\u1eddi d\u00f9ng khi c\u1ea7n tham kh\u1ea3o th\u00f4ng tin v\u1ec1 vi\u1ec7c s\u1eeda ch\u1eefa thi\u1ebft b\u1ecb.<\/p>\n<p>T\u1ea1i KhoiNguyenMobile , qu\u00e1 tr\u00ecnh thay k\u00ednh iPhone 6Plus\/ 6s Plus hay <strong><span data-sheets-value=\"{\" data-sheets-userformat=\"{\">thay \u00e9p k\u00ednh iPhone 7 Plus<\/span><\/strong>\u00a0di\u1ec5n ra nhanh ch\u00f3ng, kh\u00f4ng \u0111\u1ec3 ng\u01b0\u1eddi d\u00f9ng ph\u1ea3i ch\u1edd \u0111\u1ee3i l\u00e2u nh\u01b0ng ch\u1ea5t l\u01b0\u1ee3ng v\u1eabn \u0111\u01b0\u1ee3c \u0111\u1ea3m b\u1ea3o. \u0110i\u1ec1u n\u00e0y c\u00f3 \u0111\u01b0\u1ee3c l\u00e0 nh\u1edd s\u1ef1 k\u1ebft h\u1ee3p gi\u1eefa \u0111\u1ed9i ng\u0169 nh\u00e2n vi\u00ean gi\u00e0u kinh nghi\u1ec7m, \u0111\u00e3 \u0111\u01b0\u1ee3c \u0111\u00e0o t\u1ea1o chuy\u00ean s\u00e2u v\u1ec1 ngh\u1ec1 s\u1eeda ch\u1eefa \u0111i\u1ec7n tho\u1ea1i v\u1edbi h\u1ec7 th\u1ed1ng m\u00e1y m\u00f3c, trang thi\u1ebft b\u1ecb hi\u1ec7n \u0111\u1ea1i v\u00e0 ngu\u1ed3n linh ki\u1ec7n d\u1ed3i d\u00e0o c\u00f3 ch\u1ea5t l\u01b0\u1ee3ng cao.<\/p>\n<p><img loading=\"lazy\" decoding=\"async\" class=\"alignnone wp-image-12459 size-full\" src=\"https:\/\/image.dienthoaivui.com.vn\/x,webp,q90\/https:\/\/dashboard.dienthoaivui.com.vn\/uploads\/wp-content\/uploads\/2019\/03\/Thay-kinh-iPhone-6-4.jpg\" alt=\"thay-ep-mat-kinh-ip6-1\" width=\"840\" height=\"578\" \/><\/p>\n<p>Nh\u1eb1m kh\u1eb3ng \u0111\u1ecbnh ch\u1ea5t l\u01b0\u1ee3ng d\u1ecbch v\u1ee5 \u00e9p k\u00ednh iPhone 6Plus\/ 6s Plus c\u0169ng nh\u01b0 uy t\u00edn c\u1eeda h\u00e0ng, KhoiNguyenMobile t\u1ef1 tin \u00e1p d\u1ee5ng ch\u00ednh s\u00e1ch b\u1ea3o h\u00e0nh thay k\u00ednh, c\u1ea3m \u1ee9ng l\u00ean \u0111\u1ebfn 12 th\u00e1ng cho l\u1ed7i n\u1ed5i b\u1ecdt bung keo. B\u1ea3o h\u00e0nh 30 ng\u00e0y \u0111\u1ea7u n\u1ebfu x\u1ea3y ra n\u1ee9t, v\u1ee1 k\u00ednh. T\u1ee9c l\u00e0 t\u01b0\u01a1ng \u0111\u01b0\u01a1ng th\u1eddi gian b\u1ea3o h\u00e0nh d\u00e0nh cho s\u1ea3n ph\u1ea9m m\u1edbi. Ng\u01b0\u1eddi d\u00f9ng c\u00f3 th\u1ec3 y\u00ean t\u00e2m c\u1ea7m iPhone 6Plus\/ 6s Plus ra v\u1ec1, thao t\u00e1c v\u1edbi c\u00e1c nhu c\u1ea7u h\u00e0ng ng\u00e0y nh\u01b0 tr\u01b0\u1edbc kia m\u00e0 kh\u00f4ng ph\u1ea3i lo l\u1eafng v\u1ec1 nh\u1eefng hi\u1ec7n t\u01b0\u1ee3ng nh\u01b0 n\u1ed5i b\u1ecdt, bung keo.<\/p>\n<p><img loading=\"lazy\" decoding=\"async\" class=\"alignnone wp-image-12460 \" src=\"https:\/\/image.dienthoaivui.com.vn\/x,webp,q90\/https:\/\/dashboard.dienthoaivui.com.vn\/uploads\/wp-content\/uploads\/2019\/03\/Thay-kinh-iPhone-6-5.jpg\" alt=\"thay-ep-kinh-ip-6-2\" width=\"702\" height=\"470\" \/><\/p>\n<p>B\u00ean c\u1ea1nh \u0111\u00f3, nh\u1eb1m ph\u1ee5c v\u1ee5 kh\u00e1ch h\u00e0ng t\u1ed1t nh\u1ea5t, KhoiNguyenMobile \u0111\u00e3 x\u00e2y d\u1ef1ng nhi\u1ec1u chi nh\u00e1nh tr\u1ea3i d\u00e0i tr\u00ean nhi\u1ec1u khu v\u1ef1c kh\u00e1c nhau \u0111\u1ec3 ng\u01b0\u1eddi d\u00f9ng \u0111i l\u1ea1i thu\u1eadn ti\u1ec7n nh\u1ea5t c\u00f3 th\u1ec3. Trong tr\u01b0\u1eddng h\u1ee3p c\u1ea7n gi\u1ea3i th\u00edch th\u00eam b\u1ea5t k\u1ef3 th\u00f4ng tin \u00e9p k\u00ednh iPhone 6Plus\/ 6s Plus g\u00ec, b\u1ea1n ch\u1ec9 c\u1ea7n g\u1ecdi \u0111i\u1ec7n tho\u1ea1i \u0111\u1ebfn t\u1ed5ng \u0111\u00e0i \u0111\u1ec3 \u0111\u01b0\u1ee3c t\u01b0 v\u1ea5n m\u00e0 kh\u00f4ng ph\u1ea3i tr\u1ea3 ti\u1ec1n c\u01b0\u1edbc cho cu\u1ed9c g\u1ecdi.<\/p>\n<p>V\u1edbi ch\u1ea5t l\u01b0\u1ee3ng d\u1ecbch v\u1ee5 t\u1ed1t, m\u1ee9c gi\u00e1 \u00e9p k\u00ednh iPhone 6Plus\/ 6s Plus ph\u1ea3i ch\u0103ng c\u00f9ng ch\u00ednh s\u00e1ch b\u1ea3o h\u00e0nh chu \u0111\u00e1o h\u01b0\u1edbng \u0111\u1ebfn t\u1ed1i \u0111a h\u00f3a l\u1ee3i \u00edch cho kh\u00e1ch h\u00e0ng, KhoiNguyenMobile x\u1ee9ng \u0111\u00e1ng l\u00e0 \u0111\u1ecba ch\u1ec9 \u0111\u1ec3 b\u1ea1n tin t\u01b0\u1edfng g\u1eedi g\u1eafm thay k\u00ednh cho chi\u1ebfc iPhone 6 c\u1ee7a m\u00ecnh. Ngo\u00e0i ra, KhoiNguyenMobile c\u00f2n thay \u00e9p k\u00ednh iPhone kh\u00e1c nh\u01b0: <span data-sheets-value=\"{\" data-sheets-userformat=\"{\">thay \u00e9p k\u00ednh iPhone 5,\u00a0<\/span>\u00e9p k\u00ednh iPhone 6, \u00e9p k\u00ednh iPhone 6s, \u00e9p k\u00ednh iPhone 7, \u00e9p k\u00ednh iPhone 7 Plus , \u00e9p k\u00ednh iPhone 8, \u00e9p k\u00ednh iPhone 8 Plus<\/p>\n<p>N\u1ebfu c\u00f3 nhu c\u1ea7u thay m\u1eb7t k\u00ednh iPhone 6Plus\/ 6s Plus, b\u1ea1n c\u00f3 th\u1ec3 nh\u1ea5n ch\u1ecdn \u201c\u0110\u1eb6T L\u1ecaCH S\u1eecA CH\u1eeeA\u201d, nh\u00e2n vi\u00ean c\u1eeda h\u00e0ng s\u1ebd li\u00ean h\u1ec7 l\u1ea1i v\u1edbi b\u1ea1n trong v\u00f2ng 30 ph\u00fat. Chuy\u00ean nghi\u1ec7p, t\u1eadn t\u00e2m v\u00e0 uy t\u00edn, KhoiNguyenMobile h\u00e2n h\u1ea1nh \u0111\u01b0\u1ee3c ph\u1ee5c v\u1ee5 qu\u00fd kh\u00e1ch h\u00e0ng!<\/p>\n","protected":false},"excerpt":{"rendered":"<div class=\"mb-[10px] flex items-start justify-start\">\n<div class=\"flex-1 text-xs w600:text-sm text-[#4a4a4a]\">\n<ul>\n<li id=\"render-html\" class=\"w-full\">B\u1ea3o h\u00e0nh bung keo &#8211; n\u1ed5i b\u1ecdt tr\u1ecdn \u0111\u1eddi, r\u01a1i v\u1ee1 30 ng\u00e0y, c\u1ea3m \u1ee9ng 6 th\u00e1ng (\u0111\u1ed1i v\u1edbi thay k\u00ednh c\u1ea3m \u1ee9ng)\u00a0<a class=\"inline text-xs w600:text-sm text-dtv\" href=\"https:\/\/dienthoaivui.com.vn\/chinh-sach-bao-hanh\" target=\"_blank\" rel=\"noopener\">(Xem chi ti\u1ebft)<\/a><\/li>\n<\/ul>\n<\/div>\n<\/div>\n<div class=\"mb-[10px] flex items-start justify-start\">\n<div class=\"text-xs w600:text-sm text-[#4a4a4a]\"><\/div>\n<\/div>\n<div class=\"mb-[10px] flex items-start justify-start\">\n<div class=\"text-xs w600:text-sm text-[#4a4a4a]\">\n<ul>\n<li id=\"render-html\" class=\"w-full\">Th\u1eddi gian s\u1eeda ch\u1eefa 1-2 gi\u1edd, tr\u01b0\u1eddng h\u1ee3p kh\u00f4ng c\u00f3 s\u1eb5n linh ki\u1ec7n th\u00ec c\u1ea7n \u0111\u1ec3 l\u1ea1i m\u00e1y t\u1eeb 1-2 ng\u00e0y v\u00e0 c\u00f3 k\u00fd t\u00ean l\u00ean linh ki\u1ec7n. Thay th\u1ebf tr\u1ef1c ti\u1ebfp, qu\u00fd kh\u00e1ch h\u00e0ng c\u00f3 th\u1ec3 quan s\u00e1t to\u00e0n b\u1ed9 qu\u00e1 tr\u00ecnh th\u1ef1c hi\u1ec7n. Ki\u1ec3m tra v\u00e0 v\u1ec7 sinh mi\u1ec5n ph\u00ed<\/li>\n<\/ul>\n<\/div>\n<\/div>\n<div class=\"mb-[10px] flex items-start justify-start\">\n<ul>\n<li class=\"text-xs w600:text-sm text-[#4a4a4a]\">Gi\u00e1 s\u1ea3n ph\u1ea9m \u0111\u00e3 bao g\u1ed3m c\u00f4ng th\u1ee3 &#8211; Kh\u00f4ng ph\u00e1t sinh th\u00eam ph\u00ed v\u00e0 \u0111\u00e3 bao g\u1ed3m VAT<\/li>\n<\/ul>\n<p><a href=\"http:\/\/localhost\/phoneweb\/index.php\/dat-lich\/\"><br \/>\n<button style=\"background-color: #000; color: #fff; padding: 18px; border-radius: 4px; font-size: 15px; margin-left: 100px; border: none;\" type=\"button\">\u0110\u1eb7t l\u1ecbch s\u1eeda ch\u1eefa<\/button><br \/>\n<\/a><\/p>\n<\/div>\n","protected":false},"featured_media":327,"comment_status":"open","ping_status":"closed","template":"","meta":[],"product_brand":[],"product_cat":[23],"product_tag":[69],"class_list":{"0":"post-330","1":"product","2":"type-product","3":"status-publish","4":"has-post-thumbnail","6":"product_cat-sua-chua","7":"product_tag-iphone","9":"first","10":"outofstock","11":"shipping-taxable","12":"purchasable","13":"product-type-simple"},"yoast_head":"<!-- This site is optimized with the Yoast SEO plugin v25.2 - https:\/\/yoast.com\/wordpress\/plugins\/seo\/ -->\n<title>Thay m\u1eb7t k\u00ednh, \u00e9p k\u00ednh iPhone 6 Plus\/ 6s Plus - Kh\u1edfi Nguy\u00ean Mobile<\/title>\n<meta name=\"robots\" content=\"index, follow, max-snippet:-1, max-image-preview:large, max-video-preview:-1\" \/>\n<link rel=\"canonical\" href=\"http:\/\/localhost\/phoneweb\/index.php\/product\/thay-mat-kinh-ep-kinh-iphone-6-plus-6s-plus\/\" \/>\n<meta property=\"og:locale\" content=\"vi_VN\" \/>\n<meta property=\"og:type\" content=\"article\" \/>\n<meta property=\"og:title\" content=\"Thay m\u1eb7t k\u00ednh, \u00e9p k\u00ednh iPhone 6 Plus\/ 6s Plus - Kh\u1edfi Nguy\u00ean Mobile\" \/>\n<meta property=\"og:description\" content=\"B\u1ea3o h\u00e0nh bung keo - n\u1ed5i b\u1ecdt tr\u1ecdn \u0111\u1eddi, r\u01a1i v\u1ee1 30 ng\u00e0y, c\u1ea3m \u1ee9ng 6 th\u00e1ng (\u0111\u1ed1i v\u1edbi thay k\u00ednh c\u1ea3m \u1ee9ng)\u00a0(Xem chi ti\u1ebft)           Th\u1eddi gian s\u1eeda ch\u1eefa 1-2 gi\u1edd, tr\u01b0\u1eddng h\u1ee3p kh\u00f4ng c\u00f3 s\u1eb5n linh ki\u1ec7n th\u00ec c\u1ea7n \u0111\u1ec3 l\u1ea1i m\u00e1y t\u1eeb 1-2 ng\u00e0y v\u00e0 c\u00f3 k\u00fd t\u00ean l\u00ean linh ki\u1ec7n. Thay th\u1ebf tr\u1ef1c ti\u1ebfp, qu\u00fd kh\u00e1ch h\u00e0ng c\u00f3 th\u1ec3 quan s\u00e1t to\u00e0n b\u1ed9 qu\u00e1 tr\u00ecnh th\u1ef1c hi\u1ec7n. Ki\u1ec3m tra v\u00e0 v\u1ec7 sinh mi\u1ec5n ph\u00ed       Gi\u00e1 s\u1ea3n ph\u1ea9m \u0111\u00e3 bao g\u1ed3m c\u00f4ng th\u1ee3 - Kh\u00f4ng ph\u00e1t sinh th\u00eam ph\u00ed v\u00e0 \u0111\u00e3 bao g\u1ed3m VAT   \u0110\u1eb7t l\u1ecbch s\u1eeda ch\u1eefa\" \/>\n<meta property=\"og:url\" content=\"http:\/\/localhost\/phoneweb\/index.php\/product\/thay-mat-kinh-ep-kinh-iphone-6-plus-6s-plus\/\" \/>\n<meta property=\"og:site_name\" content=\"Kh\u1edfi Nguy\u00ean Mobile\" \/>\n<meta property=\"article:modified_time\" content=\"2025-05-20T11:12:33+00:00\" \/>\n<meta property=\"og:image\" content=\"http:\/\/localhost\/phoneweb\/wp-content\/uploads\/2025\/05\/kinh-ip6.webp\" \/>\n\t<meta property=\"og:image:width\" content=\"500\" \/>\n\t<meta property=\"og:image:height\" content=\"500\" \/>\n\t<meta property=\"og:image:type\" content=\"image\/webp\" \/>\n<meta name=\"twitter:card\" content=\"summary_large_image\" \/>\n<meta name=\"twitter:label1\" content=\"\u01af\u1edbc t\u00ednh th\u1eddi gian \u0111\u1ecdc\" \/>\n\t<meta name=\"twitter:data1\" content=\"7 ph\u00fat\" \/>\n<script type=\"application\/ld+json\" class=\"yoast-schema-graph\">{\"@context\":\"https:\/\/schema.org\",\"@graph\":[{\"@type\":\"WebPage\",\"@id\":\"http:\/\/localhost\/phoneweb\/index.php\/product\/thay-mat-kinh-ep-kinh-iphone-6-plus-6s-plus\/\",\"url\":\"http:\/\/localhost\/phoneweb\/index.php\/product\/thay-mat-kinh-ep-kinh-iphone-6-plus-6s-plus\/\",\"name\":\"Thay m\u1eb7t k\u00ednh, \u00e9p k\u00ednh iPhone 6 Plus\/ 6s Plus - Kh\u1edfi Nguy\u00ean Mobile\",\"isPartOf\":{\"@id\":\"http:\/\/localhost\/phoneweb\/#website\"},\"primaryImageOfPage\":{\"@id\":\"http:\/\/localhost\/phoneweb\/index.php\/product\/thay-mat-kinh-ep-kinh-iphone-6-plus-6s-plus\/#primaryimage\"},\"image\":{\"@id\":\"http:\/\/localhost\/phoneweb\/index.php\/product\/thay-mat-kinh-ep-kinh-iphone-6-plus-6s-plus\/#primaryimage\"},\"thumbnailUrl\":\"https:\/\/khoinguyenmobile.vn\/wp-content\/uploads\/2025\/05\/kinh-ip6.webp\",\"datePublished\":\"2025-05-20T05:18:00+00:00\",\"dateModified\":\"2025-05-20T11:12:33+00:00\",\"breadcrumb\":{\"@id\":\"http:\/\/localhost\/phoneweb\/index.php\/product\/thay-mat-kinh-ep-kinh-iphone-6-plus-6s-plus\/#breadcrumb\"},\"inLanguage\":\"vi\",\"potentialAction\":[{\"@type\":\"ReadAction\",\"target\":[\"http:\/\/localhost\/phoneweb\/index.php\/product\/thay-mat-kinh-ep-kinh-iphone-6-plus-6s-plus\/\"]}]},{\"@type\":\"ImageObject\",\"inLanguage\":\"vi\",\"@id\":\"http:\/\/localhost\/phoneweb\/index.php\/product\/thay-mat-kinh-ep-kinh-iphone-6-plus-6s-plus\/#primaryimage\",\"url\":\"https:\/\/khoinguyenmobile.vn\/wp-content\/uploads\/2025\/05\/kinh-ip6.webp\",\"contentUrl\":\"https:\/\/khoinguyenmobile.vn\/wp-content\/uploads\/2025\/05\/kinh-ip6.webp\",\"width\":500,\"height\":500},{\"@type\":\"BreadcrumbList\",\"@id\":\"http:\/\/localhost\/phoneweb\/index.php\/product\/thay-mat-kinh-ep-kinh-iphone-6-plus-6s-plus\/#breadcrumb\",\"itemListElement\":[{\"@type\":\"ListItem\",\"position\":1,\"name\":\"Trang ch\u1ee7\",\"item\":\"https:\/\/khoinguyenmobile.vn\/\"},{\"@type\":\"ListItem\",\"position\":2,\"name\":\"S\u1ea3n ph\u1ea9m\",\"item\":\"http:\/\/localhost\/phoneweb\/index.php\/shop__trashed\/\"},{\"@type\":\"ListItem\",\"position\":3,\"name\":\"Thay m\u1eb7t k\u00ednh, \u00e9p k\u00ednh iPhone 6 Plus\/ 6s Plus\"}]},{\"@type\":\"WebSite\",\"@id\":\"http:\/\/localhost\/phoneweb\/#website\",\"url\":\"http:\/\/localhost\/phoneweb\/\",\"name\":\"Phone web\",\"description\":\"D\u1ecbch v\u1ee5 s\u1eeda ch\u1eefa \u0111i\u1ec7n tho\u1ea1i nhanh, uy t\u00edn nh\u1ea5t TP. H\u1ed3 Ch\u00ed Minh\",\"publisher\":{\"@id\":\"http:\/\/localhost\/phoneweb\/#\/schema\/person\/36dab0cbc8a178ff4735ed76dc9ebc68\"},\"potentialAction\":[{\"@type\":\"SearchAction\",\"target\":{\"@type\":\"EntryPoint\",\"urlTemplate\":\"http:\/\/localhost\/phoneweb\/?s={search_term_string}\"},\"query-input\":{\"@type\":\"PropertyValueSpecification\",\"valueRequired\":true,\"valueName\":\"search_term_string\"}}],\"inLanguage\":\"vi\"},{\"@type\":[\"Person\",\"Organization\"],\"@id\":\"http:\/\/localhost\/phoneweb\/#\/schema\/person\/36dab0cbc8a178ff4735ed76dc9ebc68\",\"name\":\"phoneweb\",\"image\":{\"@type\":\"ImageObject\",\"inLanguage\":\"vi\",\"@id\":\"http:\/\/localhost\/phoneweb\/#\/schema\/person\/image\/\",\"url\":\"https:\/\/secure.gravatar.com\/avatar\/4e06ded711c5afd4d9a0c86c435ecfbc30be037927feba4789c8228f93b60c62?s=96&d=mm&r=g\",\"contentUrl\":\"https:\/\/secure.gravatar.com\/avatar\/4e06ded711c5afd4d9a0c86c435ecfbc30be037927feba4789c8228f93b60c62?s=96&d=mm&r=g\",\"caption\":\"phoneweb\"},\"logo\":{\"@id\":\"http:\/\/localhost\/phoneweb\/#\/schema\/person\/image\/\"},\"sameAs\":[\"http:\/\/localhost\/phoneweb\"]}]}<\/script>\n<!-- \/ Yoast SEO plugin. -->","yoast_head_json":{"title":"Thay m\u1eb7t k\u00ednh, \u00e9p k\u00ednh iPhone 6 Plus\/ 6s Plus - Kh\u1edfi Nguy\u00ean Mobile","robots":{"index":"index","follow":"follow","max-snippet":"max-snippet:-1","max-image-preview":"max-image-preview:large","max-video-preview":"max-video-preview:-1"},"canonical":"http:\/\/localhost\/phoneweb\/index.php\/product\/thay-mat-kinh-ep-kinh-iphone-6-plus-6s-plus\/","og_locale":"vi_VN","og_type":"article","og_title":"Thay m\u1eb7t k\u00ednh, \u00e9p k\u00ednh iPhone 6 Plus\/ 6s Plus - Kh\u1edfi Nguy\u00ean Mobile","og_description":"B\u1ea3o h\u00e0nh bung keo - n\u1ed5i b\u1ecdt tr\u1ecdn \u0111\u1eddi, r\u01a1i v\u1ee1 30 ng\u00e0y, c\u1ea3m \u1ee9ng 6 th\u00e1ng (\u0111\u1ed1i v\u1edbi thay k\u00ednh c\u1ea3m \u1ee9ng)\u00a0(Xem chi ti\u1ebft)           Th\u1eddi gian s\u1eeda ch\u1eefa 1-2 gi\u1edd, tr\u01b0\u1eddng h\u1ee3p kh\u00f4ng c\u00f3 s\u1eb5n linh ki\u1ec7n th\u00ec c\u1ea7n \u0111\u1ec3 l\u1ea1i m\u00e1y t\u1eeb 1-2 ng\u00e0y v\u00e0 c\u00f3 k\u00fd t\u00ean l\u00ean linh ki\u1ec7n. Thay th\u1ebf tr\u1ef1c ti\u1ebfp, qu\u00fd kh\u00e1ch h\u00e0ng c\u00f3 th\u1ec3 quan s\u00e1t to\u00e0n b\u1ed9 qu\u00e1 tr\u00ecnh th\u1ef1c hi\u1ec7n. Ki\u1ec3m tra v\u00e0 v\u1ec7 sinh mi\u1ec5n ph\u00ed       Gi\u00e1 s\u1ea3n ph\u1ea9m \u0111\u00e3 bao g\u1ed3m c\u00f4ng th\u1ee3 - Kh\u00f4ng ph\u00e1t sinh th\u00eam ph\u00ed v\u00e0 \u0111\u00e3 bao g\u1ed3m VAT   \u0110\u1eb7t l\u1ecbch s\u1eeda ch\u1eefa","og_url":"http:\/\/localhost\/phoneweb\/index.php\/product\/thay-mat-kinh-ep-kinh-iphone-6-plus-6s-plus\/","og_site_name":"Kh\u1edfi Nguy\u00ean Mobile","article_modified_time":"2025-05-20T11:12:33+00:00","og_image":[{"width":500,"height":500,"url":"http:\/\/localhost\/phoneweb\/wp-content\/uploads\/2025\/05\/kinh-ip6.webp","type":"image\/webp"}],"twitter_card":"summary_large_image","twitter_misc":{"\u01af\u1edbc t\u00ednh th\u1eddi gian \u0111\u1ecdc":"7 ph\u00fat"},"schema":{"@context":"https:\/\/schema.org","@graph":[{"@type":"WebPage","@id":"http:\/\/localhost\/phoneweb\/index.php\/product\/thay-mat-kinh-ep-kinh-iphone-6-plus-6s-plus\/","url":"http:\/\/localhost\/phoneweb\/index.php\/product\/thay-mat-kinh-ep-kinh-iphone-6-plus-6s-plus\/","name":"Thay m\u1eb7t k\u00ednh, \u00e9p k\u00ednh iPhone 6 Plus\/ 6s Plus - Kh\u1edfi Nguy\u00ean Mobile","isPartOf":{"@id":"http:\/\/localhost\/phoneweb\/#website"},"primaryImageOfPage":{"@id":"http:\/\/localhost\/phoneweb\/index.php\/product\/thay-mat-kinh-ep-kinh-iphone-6-plus-6s-plus\/#primaryimage"},"image":{"@id":"http:\/\/localhost\/phoneweb\/index.php\/product\/thay-mat-kinh-ep-kinh-iphone-6-plus-6s-plus\/#primaryimage"},"thumbnailUrl":"https:\/\/khoinguyenmobile.vn\/wp-content\/uploads\/2025\/05\/kinh-ip6.webp","datePublished":"2025-05-20T05:18:00+00:00","dateModified":"2025-05-20T11:12:33+00:00","breadcrumb":{"@id":"http:\/\/localhost\/phoneweb\/index.php\/product\/thay-mat-kinh-ep-kinh-iphone-6-plus-6s-plus\/#breadcrumb"},"inLanguage":"vi","potentialAction":[{"@type":"ReadAction","target":["http:\/\/localhost\/phoneweb\/index.php\/product\/thay-mat-kinh-ep-kinh-iphone-6-plus-6s-plus\/"]}]},{"@type":"ImageObject","inLanguage":"vi","@id":"http:\/\/localhost\/phoneweb\/index.php\/product\/thay-mat-kinh-ep-kinh-iphone-6-plus-6s-plus\/#primaryimage","url":"https:\/\/khoinguyenmobile.vn\/wp-content\/uploads\/2025\/05\/kinh-ip6.webp","contentUrl":"https:\/\/khoinguyenmobile.vn\/wp-content\/uploads\/2025\/05\/kinh-ip6.webp","width":500,"height":500},{"@type":"BreadcrumbList","@id":"http:\/\/localhost\/phoneweb\/index.php\/product\/thay-mat-kinh-ep-kinh-iphone-6-plus-6s-plus\/#breadcrumb","itemListElement":[{"@type":"ListItem","position":1,"name":"Trang ch\u1ee7","item":"https:\/\/khoinguyenmobile.vn\/"},{"@type":"ListItem","position":2,"name":"S\u1ea3n ph\u1ea9m","item":"http:\/\/localhost\/phoneweb\/index.php\/shop__trashed\/"},{"@type":"ListItem","position":3,"name":"Thay m\u1eb7t k\u00ednh, \u00e9p k\u00ednh iPhone 6 Plus\/ 6s Plus"}]},{"@type":"WebSite","@id":"http:\/\/localhost\/phoneweb\/#website","url":"http:\/\/localhost\/phoneweb\/","name":"Phone web","description":"D\u1ecbch v\u1ee5 s\u1eeda ch\u1eefa \u0111i\u1ec7n tho\u1ea1i nhanh, uy t\u00edn nh\u1ea5t TP. H\u1ed3 Ch\u00ed Minh","publisher":{"@id":"http:\/\/localhost\/phoneweb\/#\/schema\/person\/36dab0cbc8a178ff4735ed76dc9ebc68"},"potentialAction":[{"@type":"SearchAction","target":{"@type":"EntryPoint","urlTemplate":"http:\/\/localhost\/phoneweb\/?s={search_term_string}"},"query-input":{"@type":"PropertyValueSpecification","valueRequired":true,"valueName":"search_term_string"}}],"inLanguage":"vi"},{"@type":["Person","Organization"],"@id":"http:\/\/localhost\/phoneweb\/#\/schema\/person\/36dab0cbc8a178ff4735ed76dc9ebc68","name":"phoneweb","image":{"@type":"ImageObject","inLanguage":"vi","@id":"http:\/\/localhost\/phoneweb\/#\/schema\/person\/image\/","url":"https:\/\/secure.gravatar.com\/avatar\/4e06ded711c5afd4d9a0c86c435ecfbc30be037927feba4789c8228f93b60c62?s=96&d=mm&r=g","contentUrl":"https:\/\/secure.gravatar.com\/avatar\/4e06ded711c5afd4d9a0c86c435ecfbc30be037927feba4789c8228f93b60c62?s=96&d=mm&r=g","caption":"phoneweb"},"logo":{"@id":"http:\/\/localhost\/phoneweb\/#\/schema\/person\/image\/"},"sameAs":["http:\/\/localhost\/phoneweb"]}]}},"_links":{"self":[{"href":"https:\/\/khoinguyenmobile.vn\/index.php\/wp-json\/wp\/v2\/product\/330","targetHints":{"allow":["GET"]}}],"collection":[{"href":"https:\/\/khoinguyenmobile.vn\/index.php\/wp-json\/wp\/v2\/product"}],"about":[{"href":"https:\/\/khoinguyenmobile.vn\/index.php\/wp-json\/wp\/v2\/types\/product"}],"replies":[{"embeddable":true,"href":"https:\/\/khoinguyenmobile.vn\/index.php\/wp-json\/wp\/v2\/comments?post=330"}],"wp:featuredmedia":[{"embeddable":true,"href":"https:\/\/khoinguyenmobile.vn\/index.php\/wp-json\/wp\/v2\/media\/327"}],"wp:attachment":[{"href":"https:\/\/khoinguyenmobile.vn\/index.php\/wp-json\/wp\/v2\/media?parent=330"}],"wp:term":[{"taxonomy":"product_brand","embeddable":true,"href":"https:\/\/khoinguyenmobile.vn\/index.php\/wp-json\/wp\/v2\/product_brand?post=330"},{"taxonomy":"product_cat","embeddable":true,"href":"https:\/\/khoinguyenmobile.vn\/index.php\/wp-json\/wp\/v2\/product_cat?post=330"},{"taxonomy":"product_tag","embeddable":true,"href":"https:\/\/khoinguyenmobile.vn\/index.php\/wp-json\/wp\/v2\/product_tag?post=330"}],"curies":[{"name":"wp","href":"https:\/\/api.w.org\/{rel}","templated":true}]}}