{"id":299,"date":"2025-04-05T15:40:18","date_gmt":"2025-04-05T08:40:18","guid":{"rendered":"http:\/\/localhost\/phoneweb\/?post_type=product&#038;p=299"},"modified":"2025-05-29T18:49:31","modified_gmt":"2025-05-29T11:49:31","slug":"cu-sac-anker-316-67w-gia-re","status":"publish","type":"product","link":"https:\/\/khoinguyenmobile.vn\/index.php\/product\/cu-sac-anker-316-67w-gia-re\/","title":{"rendered":"C\u1ee7 s\u1ea1c Anker 316 1C 67W A2671 | Gi\u00e1 r\u1ebb"},"content":{"rendered":"<h3 data-start=\"256\" data-end=\"345\"><strong data-start=\"260\" data-end=\"345\">C\u1ee7 s\u1ea1c Anker 316 1C 67W A2671 \u2013 S\u1ea1c nhanh, nh\u1ecf g\u1ecdn, gi\u00e1 r\u1ebb t\u1ea1i Kh\u1edfi Nguy\u00ean Mobile<\/strong><\/h3>\n<p data-start=\"347\" data-end=\"549\">B\u1ea1n \u0111ang t\u00ecm ki\u1ebfm m\u1ed9t <strong data-start=\"369\" data-end=\"418\">c\u1ee7 s\u1ea1c nhanh, c\u00f4ng su\u1ea5t l\u1edbn, thi\u1ebft k\u1ebf nh\u1ecf g\u1ecdn<\/strong> \u0111\u1ec3 s\u1ea1c laptop, \u0111i\u1ec7n tho\u1ea1i, m\u00e1y t\u00ednh b\u1ea3ng? H\u00e3y kh\u00e1m ph\u00e1 ngay <strong data-start=\"479\" data-end=\"505\">Anker 316 1C 67W A2671<\/strong> \u2013 gi\u1ea3i ph\u00e1p s\u1ea1c to\u00e0n di\u1ec7n cho m\u1ecdi thi\u1ebft b\u1ecb!<\/p>\n<hr data-start=\"551\" data-end=\"554\" \/>\n<h4 data-start=\"556\" data-end=\"610\">\u2705 <strong data-start=\"563\" data-end=\"610\">Th\u00f4ng s\u1ed1 n\u1ed5i b\u1eadt c\u1ee7a Anker 316 1C 67W A2671<\/strong><\/h4>\n<ul data-start=\"612\" data-end=\"957\">\n<li data-start=\"612\" data-end=\"643\">\n<p data-start=\"614\" data-end=\"643\"><strong data-start=\"614\" data-end=\"630\">Th\u01b0\u01a1ng hi\u1ec7u:<\/strong> Anker \u2013 M\u1ef9<\/p>\n<\/li>\n<li data-start=\"644\" data-end=\"666\">\n<p data-start=\"646\" data-end=\"666\"><strong data-start=\"646\" data-end=\"660\">C\u00f4ng su\u1ea5t:<\/strong> 67W<\/p>\n<\/li>\n<li data-start=\"667\" data-end=\"714\">\n<p data-start=\"669\" data-end=\"714\"><strong data-start=\"669\" data-end=\"682\">C\u1ed5ng s\u1ea1c:<\/strong> 1 c\u1ed5ng USB-C (Power Delivery)<\/p>\n<\/li>\n<li data-start=\"715\" data-end=\"758\">\n<p data-start=\"717\" data-end=\"758\"><strong data-start=\"717\" data-end=\"735\">C\u00f4ng ngh\u1ec7 s\u1ea1c:<\/strong> PowerIQ 3.0, PPS, PD<\/p>\n<\/li>\n<li data-start=\"759\" data-end=\"832\">\n<p data-start=\"761\" data-end=\"832\"><strong data-start=\"761\" data-end=\"777\">T\u01b0\u01a1ng th\u00edch:<\/strong> MacBook, iPhone, iPad, Samsung, Xiaomi, Huawei, v.v.<\/p>\n<\/li>\n<li data-start=\"833\" data-end=\"874\">\n<p data-start=\"835\" data-end=\"874\"><strong data-start=\"835\" data-end=\"850\">K\u00edch th\u01b0\u1edbc:<\/strong> Nh\u1ecf g\u1ecdn, d\u1ec5 mang theo<\/p>\n<\/li>\n<li data-start=\"875\" data-end=\"921\">\n<p data-start=\"877\" data-end=\"921\"><strong data-start=\"877\" data-end=\"891\">Ch\u1ea5t li\u1ec7u:<\/strong> V\u1ecf nh\u1ef1a cao c\u1ea5p, ch\u1ed1ng ch\u00e1y<\/p>\n<\/li>\n<li data-start=\"922\" data-end=\"957\">\n<p data-start=\"924\" data-end=\"957\"><strong data-start=\"924\" data-end=\"937\">B\u1ea3o h\u00e0nh:<\/strong> 12 th\u00e1ng ch\u00ednh h\u00e3ng<\/p>\n<\/li>\n<\/ul>\n<hr data-start=\"959\" data-end=\"962\" \/>\n<h4 data-start=\"964\" data-end=\"1009\">\u26a1 <strong data-start=\"971\" data-end=\"1009\">S\u1ea1c si\u00eau nhanh \u2013 An to\u00e0n tuy\u1ec7t \u0111\u1ed1i<\/strong><\/h4>\n<p data-start=\"1011\" data-end=\"1277\">C\u1ee7 s\u1ea1c Anker 316 h\u1ed7 tr\u1ee3 <strong data-start=\"1035\" data-end=\"1045\">PD 67W<\/strong> \u2013 \u0111\u1ee7 \u0111\u1ec3 s\u1ea1c nhanh <strong data-start=\"1064\" data-end=\"1079\">MacBook Air<\/strong>, <strong data-start=\"1081\" data-end=\"1102\">iPhone 15 Pro Max<\/strong>, <strong data-start=\"1104\" data-end=\"1125\">Samsung S24 Ultra<\/strong>, ho\u1eb7c <strong data-start=\"1132\" data-end=\"1144\">iPad Pro<\/strong> ch\u1ec9 trong th\u1eddi gian ng\u1eafn. C\u00f4ng ngh\u1ec7 <strong data-start=\"1181\" data-end=\"1196\">PowerIQ 3.0<\/strong> t\u1ef1 \u0111\u1ed9ng nh\u1eadn bi\u1ebft thi\u1ebft b\u1ecb \u0111\u1ec3 \u0111i\u1ec1u ch\u1ec9nh c\u00f4ng su\u1ea5t ph\u00f9 h\u1ee3p, b\u1ea3o v\u1ec7 pin hi\u1ec7u qu\u1ea3.<\/p>\n<hr data-start=\"1279\" data-end=\"1282\" \/>\n<h4 data-start=\"1284\" data-end=\"1332\">\ud83c\udf92 <strong data-start=\"1292\" data-end=\"1332\">Thi\u1ebft k\u1ebf nh\u1ecf g\u1ecdn \u2013 \u0110\u1ed3ng h\u00e0nh m\u1ecdi n\u01a1i<\/strong><\/h4>\n<p data-start=\"1334\" data-end=\"1519\">So v\u1edbi c\u00e1c c\u1ee7 s\u1ea1c laptop th\u00f4ng th\u01b0\u1eddng, Anker 316 <strong data-start=\"1383\" data-end=\"1398\">nh\u1ecf h\u01a1n 30%<\/strong> nh\u01b0ng m\u1ea1nh m\u1ebd g\u1ea5p nhi\u1ec1u l\u1ea7n. <strong data-start=\"1428\" data-end=\"1450\">C\u1eafm v\u1eeba m\u1ecdi \u1ed5 \u0111i\u1ec7n<\/strong>, d\u1ec5 d\u00e0ng b\u1ecf t\u00fai hay balo \u0111\u1ec3 mang theo khi \u0111i l\u00e0m, c\u00f4ng t\u00e1c, du l\u1ecbch.<\/p>\n<hr data-start=\"1521\" data-end=\"1524\" \/>\n<h4 data-start=\"1526\" data-end=\"1580\">\ud83d\udcb0 <strong data-start=\"1534\" data-end=\"1580\">Gi\u00e1 c\u1ef1c r\u1ebb \u2013 Ch\u1ec9 c\u00f3 t\u1ea1i Kh\u1edfi Nguy\u00ean Mobile<\/strong><\/h4>\n<p data-start=\"1582\" data-end=\"1728\">T\u1ea1i <strong data-start=\"1586\" data-end=\"1608\">Kh\u1edfi Nguy\u00ean Mobile<\/strong>, b\u1ea1n s\u1ebd s\u1edf h\u1eefu Anker 316 1C 67W v\u1edbi <strong data-start=\"1645\" data-end=\"1672\">gi\u00e1 t\u1ed1t nh\u1ea5t th\u1ecb tr\u01b0\u1eddng<\/strong>, h\u00e0ng <strong data-start=\"1679\" data-end=\"1698\">ch\u00ednh h\u00e3ng 100%<\/strong>, \u0111\u1ea7y \u0111\u1ee7 h\u1ed9p \u2013 tem \u2013 b\u1ea3o h\u00e0nh.<\/p>\n<p data-start=\"1730\" data-end=\"1836\">\ud83d\udd25 <strong data-start=\"1733\" data-end=\"1775\">Gi\u00e1 khuy\u1ebfn m\u00e3i ch\u1ec9: 350.000 \u0111<\/strong><\/p>\n<hr data-start=\"1838\" data-end=\"1841\" \/>\n<h4 data-start=\"1843\" data-end=\"1886\">\ud83d\udce6 <strong data-start=\"1851\" data-end=\"1886\">Mua ngay t\u1ea1i Kh\u1edfi Nguy\u00ean Mobile<\/strong><\/h4>\n<ul data-start=\"1888\" data-end=\"2052\">\n<li data-start=\"1888\" data-end=\"1941\">\n<p data-start=\"1890\" data-end=\"1941\">\ud83d\ude9a Giao h\u00e0ng to\u00e0n qu\u1ed1c \u2013 Nh\u1eadn h\u00e0ng m\u1edbi thanh to\u00e1n<\/p>\n<\/li>\n<li data-start=\"1942\" data-end=\"1977\">\n<p data-start=\"1944\" data-end=\"1977\">\ud83d\udee0 B\u1ea3o h\u00e0nh ch\u00ednh h\u00e3ng 12 th\u00e1ng<\/p>\n<\/li>\n<li data-start=\"1978\" data-end=\"2022\">\n<p data-start=\"1980\" data-end=\"2022\">\ud83c\udfea Mua tr\u1ef1c ti\u1ebfp t\u1ea1i: <a href=\"https:\/\/maps.app.goo.gl\/uVGgPe4NZTGdwdb5A\">17 Nguy\u1ec5n V\u0103n Kh\u1ed1i, Ph\u01b0\u1eddng 11, G\u00f2 V\u1ea5p, H\u1ed3 Ch\u00ed Minh<\/a><\/p>\n<\/li>\n<li data-start=\"2023\" data-end=\"2052\">\n<p data-start=\"2025\" data-end=\"2052\">\ud83d\udcde Hotline: <a href=\"tel:0388265365\">0388265365<\/a><\/p>\n<\/li>\n<\/ul>\n","protected":false},"excerpt":{"rendered":"<div class=\"item-warranty-info\">\n<ul>\n<li class=\"description\">M\u1edbi, \u0111\u1ea7y \u0111\u1ee7 ph\u1ee5 ki\u1ec7n t\u1eeb nh\u00e0 s\u1ea3n xu\u1ea5t<\/li>\n<\/ul>\n<\/div>\n<div class=\"item-warranty-info\">\n<ul>\n<li class=\"description\">S\u1ea1c, H\u01b0\u1edbng d\u1eabn s\u1eed d\u1ee5ng<\/li>\n<\/ul>\n<\/div>\n<div class=\"item-warranty-info\">\n<ul>\n<li class=\"description\">B\u1ea3o h\u00e0nh 18 th\u00e1ng ch\u00ednh h\u00e3ng, 1 \u0111\u1ed5i 1<a href=\"https:\/\/cellphones.com.vn\/chinh-sach-bao-hanh\" target=\"_blank\" rel=\"noopener\">(xem chi ti\u1ebft)<\/a><\/li>\n<\/ul>\n<\/div>\n<div class=\"item-warranty-info\">\n<ul>\n<li class=\"description\">Gi\u00e1 s\u1ea3n ph\u1ea9m \u0111\u00e3 bao g\u1ed3m VAT<\/li>\n<\/ul>\n<\/div>\n","protected":false},"featured_media":300,"comment_status":"open","ping_status":"closed","template":"","meta":[],"product_brand":[],"product_cat":[21],"product_tag":[92,90,128],"class_list":{"0":"post-299","1":"product","2":"type-product","3":"status-publish","4":"has-post-thumbnail","6":"product_cat-phu-kien","7":"product_tag-67w","8":"product_tag-anker","9":"product_tag-sac-nhanh","11":"first","12":"instock","13":"sale","14":"shipping-taxable","15":"purchasable","16":"product-type-simple"},"yoast_head":"<!-- This site is optimized with the Yoast SEO plugin v25.2 - https:\/\/yoast.com\/wordpress\/plugins\/seo\/ -->\n<title>C\u1ee7 s\u1ea1c Anker 316 1C 67W A2671 | Gi\u00e1 r\u1ebb - Kh\u1edfi Nguy\u00ean Mobile %<\/title>\n<meta name=\"description\" content=\"Mua c\u1ee7 s\u1ea1c Anker 316 1C 67W A2671 ch\u00ednh h\u00e3ng, s\u1ea1c nhanh PD cho MacBook, iPhone, Samsung. Thi\u1ebft k\u1ebf nh\u1ecf g\u1ecdn, an to\u00e0n, gi\u00e1 r\u1ebb t\u1ea1i Kh\u1edfi Nguy\u00ean Mobile!\" \/>\n<meta name=\"robots\" content=\"index, follow, max-snippet:-1, max-image-preview:large, max-video-preview:-1\" \/>\n<link rel=\"canonical\" href=\"http:\/\/localhost\/phoneweb\/index.php\/product\/cu-sac-anker-316-67w-gia-re\/\" \/>\n<meta property=\"og:locale\" content=\"vi_VN\" \/>\n<meta property=\"og:type\" content=\"article\" \/>\n<meta property=\"og:title\" content=\"C\u1ee7 s\u1ea1c Anker 316 1C 67W A2671 | Gi\u00e1 r\u1ebb - Kh\u1edfi Nguy\u00ean Mobile %\" \/>\n<meta property=\"og:description\" content=\"Mua c\u1ee7 s\u1ea1c Anker 316 1C 67W A2671 ch\u00ednh h\u00e3ng, s\u1ea1c nhanh PD cho MacBook, iPhone, Samsung. Thi\u1ebft k\u1ebf nh\u1ecf g\u1ecdn, an to\u00e0n, gi\u00e1 r\u1ebb t\u1ea1i Kh\u1edfi Nguy\u00ean Mobile!\" \/>\n<meta property=\"og:url\" content=\"http:\/\/localhost\/phoneweb\/index.php\/product\/cu-sac-anker-316-67w-gia-re\/\" \/>\n<meta property=\"og:site_name\" content=\"Kh\u1edfi Nguy\u00ean Mobile\" \/>\n<meta property=\"article:modified_time\" content=\"2025-05-29T11:49:31+00:00\" \/>\n<meta property=\"og:image\" content=\"http:\/\/localhost\/phoneweb\/wp-content\/uploads\/2025\/04\/cu-sac-anker-316-1c-67w-a2671-1.webp\" \/>\n\t<meta property=\"og:image:width\" content=\"358\" \/>\n\t<meta property=\"og:image:height\" content=\"358\" \/>\n\t<meta property=\"og:image:type\" content=\"image\/webp\" \/>\n<meta name=\"twitter:card\" content=\"summary_large_image\" \/>\n<meta name=\"twitter:label1\" content=\"\u01af\u1edbc t\u00ednh th\u1eddi gian \u0111\u1ecdc\" \/>\n\t<meta name=\"twitter:data1\" content=\"2 ph\u00fat\" \/>\n<script type=\"application\/ld+json\" class=\"yoast-schema-graph\">{\"@context\":\"https:\/\/schema.org\",\"@graph\":[{\"@type\":\"WebPage\",\"@id\":\"http:\/\/localhost\/phoneweb\/index.php\/product\/cu-sac-anker-316-67w-gia-re\/\",\"url\":\"http:\/\/localhost\/phoneweb\/index.php\/product\/cu-sac-anker-316-67w-gia-re\/\",\"name\":\"C\u1ee7 s\u1ea1c Anker 316 1C 67W A2671 | Gi\u00e1 r\u1ebb - Kh\u1edfi Nguy\u00ean Mobile %\",\"isPartOf\":{\"@id\":\"http:\/\/localhost\/phoneweb\/#website\"},\"primaryImageOfPage\":{\"@id\":\"http:\/\/localhost\/phoneweb\/index.php\/product\/cu-sac-anker-316-67w-gia-re\/#primaryimage\"},\"image\":{\"@id\":\"http:\/\/localhost\/phoneweb\/index.php\/product\/cu-sac-anker-316-67w-gia-re\/#primaryimage\"},\"thumbnailUrl\":\"https:\/\/khoinguyenmobile.vn\/wp-content\/uploads\/2025\/04\/cu-sac-anker-316-1c-67w-a2671-1.webp\",\"datePublished\":\"2025-04-05T08:40:18+00:00\",\"dateModified\":\"2025-05-29T11:49:31+00:00\",\"description\":\"Mua c\u1ee7 s\u1ea1c Anker 316 1C 67W A2671 ch\u00ednh h\u00e3ng, s\u1ea1c nhanh PD cho MacBook, iPhone, Samsung. Thi\u1ebft k\u1ebf nh\u1ecf g\u1ecdn, an to\u00e0n, gi\u00e1 r\u1ebb t\u1ea1i Kh\u1edfi Nguy\u00ean Mobile!\",\"breadcrumb\":{\"@id\":\"http:\/\/localhost\/phoneweb\/index.php\/product\/cu-sac-anker-316-67w-gia-re\/#breadcrumb\"},\"inLanguage\":\"vi\",\"potentialAction\":[{\"@type\":\"ReadAction\",\"target\":[\"http:\/\/localhost\/phoneweb\/index.php\/product\/cu-sac-anker-316-67w-gia-re\/\"]}]},{\"@type\":\"ImageObject\",\"inLanguage\":\"vi\",\"@id\":\"http:\/\/localhost\/phoneweb\/index.php\/product\/cu-sac-anker-316-67w-gia-re\/#primaryimage\",\"url\":\"https:\/\/khoinguyenmobile.vn\/wp-content\/uploads\/2025\/04\/cu-sac-anker-316-1c-67w-a2671-1.webp\",\"contentUrl\":\"https:\/\/khoinguyenmobile.vn\/wp-content\/uploads\/2025\/04\/cu-sac-anker-316-1c-67w-a2671-1.webp\",\"width\":358,\"height\":358},{\"@type\":\"BreadcrumbList\",\"@id\":\"http:\/\/localhost\/phoneweb\/index.php\/product\/cu-sac-anker-316-67w-gia-re\/#breadcrumb\",\"itemListElement\":[{\"@type\":\"ListItem\",\"position\":1,\"name\":\"Trang ch\u1ee7\",\"item\":\"https:\/\/khoinguyenmobile.vn\/\"},{\"@type\":\"ListItem\",\"position\":2,\"name\":\"S\u1ea3n ph\u1ea9m\",\"item\":\"http:\/\/localhost\/phoneweb\/index.php\/shop__trashed\/\"},{\"@type\":\"ListItem\",\"position\":3,\"name\":\"C\u1ee7 s\u1ea1c Anker 316 1C 67W A2671 | Gi\u00e1 r\u1ebb\"}]},{\"@type\":\"WebSite\",\"@id\":\"http:\/\/localhost\/phoneweb\/#website\",\"url\":\"http:\/\/localhost\/phoneweb\/\",\"name\":\"Phone web\",\"description\":\"D\u1ecbch v\u1ee5 s\u1eeda ch\u1eefa \u0111i\u1ec7n tho\u1ea1i nhanh, uy t\u00edn nh\u1ea5t TP. H\u1ed3 Ch\u00ed Minh\",\"publisher\":{\"@id\":\"http:\/\/localhost\/phoneweb\/#\/schema\/person\/36dab0cbc8a178ff4735ed76dc9ebc68\"},\"potentialAction\":[{\"@type\":\"SearchAction\",\"target\":{\"@type\":\"EntryPoint\",\"urlTemplate\":\"http:\/\/localhost\/phoneweb\/?s={search_term_string}\"},\"query-input\":{\"@type\":\"PropertyValueSpecification\",\"valueRequired\":true,\"valueName\":\"search_term_string\"}}],\"inLanguage\":\"vi\"},{\"@type\":[\"Person\",\"Organization\"],\"@id\":\"http:\/\/localhost\/phoneweb\/#\/schema\/person\/36dab0cbc8a178ff4735ed76dc9ebc68\",\"name\":\"phoneweb\",\"image\":{\"@type\":\"ImageObject\",\"inLanguage\":\"vi\",\"@id\":\"http:\/\/localhost\/phoneweb\/#\/schema\/person\/image\/\",\"url\":\"https:\/\/secure.gravatar.com\/avatar\/4e06ded711c5afd4d9a0c86c435ecfbc30be037927feba4789c8228f93b60c62?s=96&d=mm&r=g\",\"contentUrl\":\"https:\/\/secure.gravatar.com\/avatar\/4e06ded711c5afd4d9a0c86c435ecfbc30be037927feba4789c8228f93b60c62?s=96&d=mm&r=g\",\"caption\":\"phoneweb\"},\"logo\":{\"@id\":\"http:\/\/localhost\/phoneweb\/#\/schema\/person\/image\/\"},\"sameAs\":[\"http:\/\/localhost\/phoneweb\"]}]}<\/script>\n<!-- \/ Yoast SEO plugin. -->","yoast_head_json":{"title":"C\u1ee7 s\u1ea1c Anker 316 1C 67W A2671 | Gi\u00e1 r\u1ebb - Kh\u1edfi Nguy\u00ean Mobile %","description":"Mua c\u1ee7 s\u1ea1c Anker 316 1C 67W A2671 ch\u00ednh h\u00e3ng, s\u1ea1c nhanh PD cho MacBook, iPhone, Samsung. Thi\u1ebft k\u1ebf nh\u1ecf g\u1ecdn, an to\u00e0n, gi\u00e1 r\u1ebb t\u1ea1i Kh\u1edfi Nguy\u00ean Mobile!","robots":{"index":"index","follow":"follow","max-snippet":"max-snippet:-1","max-image-preview":"max-image-preview:large","max-video-preview":"max-video-preview:-1"},"canonical":"http:\/\/localhost\/phoneweb\/index.php\/product\/cu-sac-anker-316-67w-gia-re\/","og_locale":"vi_VN","og_type":"article","og_title":"C\u1ee7 s\u1ea1c Anker 316 1C 67W A2671 | Gi\u00e1 r\u1ebb - Kh\u1edfi Nguy\u00ean Mobile %","og_description":"Mua c\u1ee7 s\u1ea1c Anker 316 1C 67W A2671 ch\u00ednh h\u00e3ng, s\u1ea1c nhanh PD cho MacBook, iPhone, Samsung. Thi\u1ebft k\u1ebf nh\u1ecf g\u1ecdn, an to\u00e0n, gi\u00e1 r\u1ebb t\u1ea1i Kh\u1edfi Nguy\u00ean Mobile!","og_url":"http:\/\/localhost\/phoneweb\/index.php\/product\/cu-sac-anker-316-67w-gia-re\/","og_site_name":"Kh\u1edfi Nguy\u00ean Mobile","article_modified_time":"2025-05-29T11:49:31+00:00","og_image":[{"width":358,"height":358,"url":"http:\/\/localhost\/phoneweb\/wp-content\/uploads\/2025\/04\/cu-sac-anker-316-1c-67w-a2671-1.webp","type":"image\/webp"}],"twitter_card":"summary_large_image","twitter_misc":{"\u01af\u1edbc t\u00ednh th\u1eddi gian \u0111\u1ecdc":"2 ph\u00fat"},"schema":{"@context":"https:\/\/schema.org","@graph":[{"@type":"WebPage","@id":"http:\/\/localhost\/phoneweb\/index.php\/product\/cu-sac-anker-316-67w-gia-re\/","url":"http:\/\/localhost\/phoneweb\/index.php\/product\/cu-sac-anker-316-67w-gia-re\/","name":"C\u1ee7 s\u1ea1c Anker 316 1C 67W A2671 | Gi\u00e1 r\u1ebb - Kh\u1edfi Nguy\u00ean Mobile %","isPartOf":{"@id":"http:\/\/localhost\/phoneweb\/#website"},"primaryImageOfPage":{"@id":"http:\/\/localhost\/phoneweb\/index.php\/product\/cu-sac-anker-316-67w-gia-re\/#primaryimage"},"image":{"@id":"http:\/\/localhost\/phoneweb\/index.php\/product\/cu-sac-anker-316-67w-gia-re\/#primaryimage"},"thumbnailUrl":"https:\/\/khoinguyenmobile.vn\/wp-content\/uploads\/2025\/04\/cu-sac-anker-316-1c-67w-a2671-1.webp","datePublished":"2025-04-05T08:40:18+00:00","dateModified":"2025-05-29T11:49:31+00:00","description":"Mua c\u1ee7 s\u1ea1c Anker 316 1C 67W A2671 ch\u00ednh h\u00e3ng, s\u1ea1c nhanh PD cho MacBook, iPhone, Samsung. Thi\u1ebft k\u1ebf nh\u1ecf g\u1ecdn, an to\u00e0n, gi\u00e1 r\u1ebb t\u1ea1i Kh\u1edfi Nguy\u00ean Mobile!","breadcrumb":{"@id":"http:\/\/localhost\/phoneweb\/index.php\/product\/cu-sac-anker-316-67w-gia-re\/#breadcrumb"},"inLanguage":"vi","potentialAction":[{"@type":"ReadAction","target":["http:\/\/localhost\/phoneweb\/index.php\/product\/cu-sac-anker-316-67w-gia-re\/"]}]},{"@type":"ImageObject","inLanguage":"vi","@id":"http:\/\/localhost\/phoneweb\/index.php\/product\/cu-sac-anker-316-67w-gia-re\/#primaryimage","url":"https:\/\/khoinguyenmobile.vn\/wp-content\/uploads\/2025\/04\/cu-sac-anker-316-1c-67w-a2671-1.webp","contentUrl":"https:\/\/khoinguyenmobile.vn\/wp-content\/uploads\/2025\/04\/cu-sac-anker-316-1c-67w-a2671-1.webp","width":358,"height":358},{"@type":"BreadcrumbList","@id":"http:\/\/localhost\/phoneweb\/index.php\/product\/cu-sac-anker-316-67w-gia-re\/#breadcrumb","itemListElement":[{"@type":"ListItem","position":1,"name":"Trang ch\u1ee7","item":"https:\/\/khoinguyenmobile.vn\/"},{"@type":"ListItem","position":2,"name":"S\u1ea3n ph\u1ea9m","item":"http:\/\/localhost\/phoneweb\/index.php\/shop__trashed\/"},{"@type":"ListItem","position":3,"name":"C\u1ee7 s\u1ea1c Anker 316 1C 67W A2671 | Gi\u00e1 r\u1ebb"}]},{"@type":"WebSite","@id":"http:\/\/localhost\/phoneweb\/#website","url":"http:\/\/localhost\/phoneweb\/","name":"Phone web","description":"D\u1ecbch v\u1ee5 s\u1eeda ch\u1eefa \u0111i\u1ec7n tho\u1ea1i nhanh, uy t\u00edn nh\u1ea5t TP. H\u1ed3 Ch\u00ed Minh","publisher":{"@id":"http:\/\/localhost\/phoneweb\/#\/schema\/person\/36dab0cbc8a178ff4735ed76dc9ebc68"},"potentialAction":[{"@type":"SearchAction","target":{"@type":"EntryPoint","urlTemplate":"http:\/\/localhost\/phoneweb\/?s={search_term_string}"},"query-input":{"@type":"PropertyValueSpecification","valueRequired":true,"valueName":"search_term_string"}}],"inLanguage":"vi"},{"@type":["Person","Organization"],"@id":"http:\/\/localhost\/phoneweb\/#\/schema\/person\/36dab0cbc8a178ff4735ed76dc9ebc68","name":"phoneweb","image":{"@type":"ImageObject","inLanguage":"vi","@id":"http:\/\/localhost\/phoneweb\/#\/schema\/person\/image\/","url":"https:\/\/secure.gravatar.com\/avatar\/4e06ded711c5afd4d9a0c86c435ecfbc30be037927feba4789c8228f93b60c62?s=96&d=mm&r=g","contentUrl":"https:\/\/secure.gravatar.com\/avatar\/4e06ded711c5afd4d9a0c86c435ecfbc30be037927feba4789c8228f93b60c62?s=96&d=mm&r=g","caption":"phoneweb"},"logo":{"@id":"http:\/\/localhost\/phoneweb\/#\/schema\/person\/image\/"},"sameAs":["http:\/\/localhost\/phoneweb"]}]}},"_links":{"self":[{"href":"https:\/\/khoinguyenmobile.vn\/index.php\/wp-json\/wp\/v2\/product\/299","targetHints":{"allow":["GET"]}}],"collection":[{"href":"https:\/\/khoinguyenmobile.vn\/index.php\/wp-json\/wp\/v2\/product"}],"about":[{"href":"https:\/\/khoinguyenmobile.vn\/index.php\/wp-json\/wp\/v2\/types\/product"}],"replies":[{"embeddable":true,"href":"https:\/\/khoinguyenmobile.vn\/index.php\/wp-json\/wp\/v2\/comments?post=299"}],"wp:featuredmedia":[{"embeddable":true,"href":"https:\/\/khoinguyenmobile.vn\/index.php\/wp-json\/wp\/v2\/media\/300"}],"wp:attachment":[{"href":"https:\/\/khoinguyenmobile.vn\/index.php\/wp-json\/wp\/v2\/media?parent=299"}],"wp:term":[{"taxonomy":"product_brand","embeddable":true,"href":"https:\/\/khoinguyenmobile.vn\/index.php\/wp-json\/wp\/v2\/product_brand?post=299"},{"taxonomy":"product_cat","embeddable":true,"href":"https:\/\/khoinguyenmobile.vn\/index.php\/wp-json\/wp\/v2\/product_cat?post=299"},{"taxonomy":"product_tag","embeddable":true,"href":"https:\/\/khoinguyenmobile.vn\/index.php\/wp-json\/wp\/v2\/product_tag?post=299"}],"curies":[{"name":"wp","href":"https:\/\/api.w.org\/{rel}","templated":true}]}}