{"id":55,"date":"2025-04-03T16:53:54","date_gmt":"2025-04-03T16:53:54","guid":{"rendered":"http:\/\/tdi_29_727"},"modified":"2025-06-10T14:28:10","modified_gmt":"2025-06-10T07:28:10","slug":"chinh-sach-bao-hanh","status":"publish","type":"page","link":"https:\/\/khoinguyenmobile.vn\/index.php\/chinh-sach-bao-hanh\/","title":{"rendered":"Ch\u00ednh s\u00e1ch b\u1ea3o h\u00e0nh"},"content":{"rendered":"\n<p>T\u1ea1i <strong>Kh\u1edfi Nguy\u00ean Mobile<\/strong>, ch\u00fang t\u00f4i cam k\u1ebft <strong>mang \u0111\u1ebfn s\u1ef1 an t\u00e2m tuy\u1ec7t \u0111\u1ed1i<\/strong> cho kh\u00e1ch h\u00e0ng v\u1edbi ch\u00ednh s\u00e1ch b\u1ea3o h\u00e0nh minh b\u1ea1ch, r\u00f5 r\u00e0ng v\u00e0 c\u00f3 l\u1ee3i nh\u1ea5t. Qu\u00fd kh\u00e1ch h\u00e0ng c\u00f3 th\u1ec3 l\u1ef1a ch\u1ecdn gi\u1eefa <strong>G\u00f3i C\u01a1 B\u1ea3n (Mi\u1ec5n ph\u00ed)<\/strong> ho\u1eb7c <strong>G\u00f3i Cao C\u1ea5p (B\u1ea3o h\u00e0nh 2 n\u0103m)<\/strong> t\u00f9y theo nhu c\u1ea7u s\u1eed d\u1ee5ng.<\/p>\n\n\n\n<hr class=\"wp-block-separator has-alpha-channel-opacity\"\/>\n\n\n\n<h2 class=\"wp-block-heading\">\u2705 C\u00e1c G\u00f3i B\u1ea3o H\u00e0nh Hi\u1ec7n C\u00f3<\/h2>\n\n\n\n<figure class=\"wp-block-table\"><table class=\"has-fixed-layout\"><thead><tr><th>N\u1ed9i dung b\u1ea3o h\u00e0nh<\/th><th><strong>G\u00d3I C\u01a0 B\u1ea2N (Mi\u1ec5n ph\u00ed)<\/strong><\/th><th><strong>G\u00d3I CAO C\u1ea4P (B\u1ea3o h\u00e0nh 2 n\u0103m)<\/strong><\/th><\/tr><\/thead><tbody><tr><td><strong>Th\u1eddi gian test m\u00e1y<\/strong><\/td><td>30 ng\u00e0y<\/td><td>30 ng\u00e0y<\/td><\/tr><tr><td><strong>Th\u1eddi gian b\u1ea3o h\u00e0nh<\/strong><\/td><td>12 th\u00e1ng t\u1ea1i TTBH Apple<\/td><td>&#8211; 1 n\u0103m \u0111\u1ea7u t\u1ea1i TTBH Apple<br>&#8211; N\u0103m th\u1ee9 2 t\u1ea1i Kh\u1edfi Nguy\u00ean Mobile<\/td><\/tr><tr><td><strong>M\u1ea5t ngu\u1ed3n, v\u00e2n tay, Face ID<\/strong><\/td><td>Kh\u00f4ng \u00e1p d\u1ee5ng<\/td><td>\u0110\u1ed5i m\u00e1y t\u01b0\u01a1ng \u0111\u01b0\u01a1ng<\/td><\/tr><tr><td><strong>M\u00e0n h\u00ecnh<\/strong><\/td><td>Kh\u00f4ng \u00e1p d\u1ee5ng<\/td><td>2 n\u0103m h\u1ed7 tr\u1ee3 30% chi ph\u00ed thay m\u00e0n<\/td><\/tr><tr><td><strong>Linh ki\u1ec7n ph\u1ea7n c\u1ee9ng (main, camera, wifi, loa\u2026)<\/strong><\/td><td>B\u1ea3o h\u00e0nh s\u1eeda ch\u1eefa<\/td><td>&#8211; N\u0103m \u0111\u1ea7u: b\u1ea3o h\u00e0nh s\u1eeda ch\u1eefa<br>&#8211; N\u0103m th\u1ee9 2: \u0111\u1ed5i m\u00e1y t\u01b0\u01a1ng \u0111\u01b0\u01a1ng<\/td><\/tr><tr><td><strong>Tr\u1ea7y m\u00f3p (tr\u1eeb r\u01a1i v\u1ee1, cong m\u00e1y)<\/strong><\/td><td>Kh\u00f4ng b\u1ea3o h\u00e0nh<\/td><td>C\u00f3 b\u1ea3o h\u00e0nh (tr\u1ea7y nh\u1eb9, kh\u00f4ng cong\/v\u1ee1)<\/td><\/tr><tr><td><strong>H\u01b0 h\u1ecfng do r\u01a1i v\u1ee1, v\u00e0o n\u01b0\u1edbc<\/strong><\/td><td>&#8211; 3 th\u00e1ng \u0111\u1ea7u s\u1eeda ch\u1eefa mi\u1ec5n ph\u00ed (kh\u00f4ng gi\u1edbi h\u1ea1n s\u1ed1 l\u1ea7n)<br>&#8211; M\u00e0n h\u00ecnh h\u1ed7 tr\u1ee3 30% chi ph\u00ed thay m\u1edbi<br>&#8211; M\u00e1y kh\u00f4ng s\u1eeda \u0111\u01b0\u1ee3c: ho\u00e0n l\u1ea1i 20% gi\u00e1 tr\u1ecb m\u00e1y<\/td><td>&#8211; 2 n\u0103m s\u1eeda ch\u1eefa mi\u1ec5n ph\u00ed kh\u00f4ng gi\u1edbi h\u1ea1n s\u1ed1 l\u1ea7n<br>&#8211; H\u1ed7 tr\u1ee3 30% thay m\u1edbi m\u00e0n h\u00ecnh<br>&#8211; M\u00e1y kh\u00f4ng s\u1eeda \u0111\u01b0\u1ee3c: ho\u00e0n l\u1ea1i 20% gi\u00e1 tr\u1ecb m\u00e1y<\/td><\/tr><\/tbody><\/table><\/figure>\n\n\n\n<hr class=\"wp-block-separator has-alpha-channel-opacity\"\/>\n\n\n\n<h2 class=\"wp-block-heading\">\ud83d\udcbc \u0110i\u1ec1u Ki\u1ec7n B\u1ea3o H\u00e0nh<\/h2>\n\n\n\n<ul class=\"wp-block-list\">\n<li>S\u1ea3n ph\u1ea9m c\u00f2n tem, phi\u1ebfu b\u1ea3o h\u00e0nh v\u00e0 th\u00f4ng tin tr\u00f9ng kh\u1edbp v\u1edbi h\u1ec7 th\u1ed1ng.<\/li>\n\n\n\n<li>Kh\u00f4ng \u00e1p d\u1ee5ng b\u1ea3o h\u00e0nh n\u1ebfu s\u1ea3n ph\u1ea9m b\u1ecb t\u00e1c \u0111\u1ed9ng t\u1eeb b\u00ean th\u1ee9 ba, r\u01a1i v\u1ee1 n\u1eb7ng, ng\u1eadp n\u01b0\u1edbc s\u00e2u, can thi\u1ec7p ph\u1ea7n c\u1ee9ng t\u1eeb b\u00ean ngo\u00e0i.<\/li>\n\n\n\n<li>B\u1ea3o h\u00e0nh kh\u00f4ng bao g\u1ed3m d\u1eef li\u1ec7u c\u00e1 nh\u00e2n c\u1ee7a ng\u01b0\u1eddi d\u00f9ng.<\/li>\n<\/ul>\n\n\n\n<hr class=\"wp-block-separator has-alpha-channel-opacity\"\/>\n\n\n\n<h2 class=\"wp-block-heading\">\ud83d\udccc L\u01b0u \u00dd<\/h2>\n\n\n\n<ul class=\"wp-block-list\">\n<li><strong>G\u00f3i B\u1ea3o H\u00e0nh Cao C\u1ea5p<\/strong> ch\u1ec9 \u00e1p d\u1ee5ng khi \u0111\u0103ng k\u00fd ngay t\u1ea1i th\u1eddi \u0111i\u1ec3m mua m\u00e1y.<\/li>\n\n\n\n<li>\u0110\u1ed1i v\u1edbi tr\u01b0\u1eddng h\u1ee3p c\u1ea7n \u0111\u1ed5i m\u00e1y, s\u1ea3n ph\u1ea9m \u0111\u1ed5i s\u1ebd t\u01b0\u01a1ng \u0111\u01b0\u01a1ng v\u1ec1 c\u1ea5u h\u00ecnh v\u00e0 t\u00ecnh tr\u1ea1ng s\u1eed d\u1ee5ng.<\/li>\n<\/ul>\n\n\n\n<hr class=\"wp-block-separator has-alpha-channel-opacity\"\/>\n\n\n\n<h2 class=\"wp-block-heading\">\ud83d\udcde Li\u00ean H\u1ec7 H\u1ed7 Tr\u1ee3<\/h2>\n\n\n\n<p>N\u1ebfu qu\u00fd kh\u00e1ch c\u00f3 b\u1ea5t k\u1ef3 c\u00e2u h\u1ecfi n\u00e0o v\u1ec1 b\u1ea3o h\u00e0nh, vui l\u00f2ng li\u00ean h\u1ec7:<\/p>\n\n\n\n<ul class=\"wp-block-list\">\n<li><strong>Hotline:<\/strong> <a href=\"tel:0388265365\">0388.265.365<\/a><\/li>\n\n\n\n<li><strong>Fanpage:<\/strong> <a href=\"https:\/\/www.facebook.com\/share\/1Bp2dVmY38\/\">Kh\u1edfi Nguy\u00ean Mobile<\/a><\/li>\n\n\n\n<li><strong>Email:<\/strong> <a href=\"mailto:khoinguyentechnology01@gmail.com\">khoinguyentechnology01@gmail.com<\/a><\/li>\n<\/ul>\n\n\n\n<hr class=\"wp-block-separator has-alpha-channel-opacity\"\/>\n\n\n\n<p>\ud83d\udd27 <strong>Kh\u1edfi Nguy\u00ean Mobile \u2013 Kh\u00f4ng ch\u1ec9 l\u00e0 n\u01a1i b\u00e1n m\u00e1y, m\u00e0 c\u00f2n l\u00e0 n\u01a1i ch\u0103m s\u00f3c thi\u1ebft b\u1ecb c\u1ee7a b\u1ea1n tr\u1ecdn \u0111\u1eddi.<\/strong><br>Ch\u00fang t\u00f4i lu\u00f4n \u0111\u1ed3ng h\u00e0nh c\u00f9ng b\u1ea1n, d\u00f9 tr\u01b0\u1edbc hay sau khi mua h\u00e0ng.<\/p>\n","protected":false},"excerpt":{"rendered":"<p>T\u1ea1i Kh\u1edfi Nguy\u00ean Mobile, ch\u00fang t\u00f4i cam k\u1ebft mang \u0111\u1ebfn s\u1ef1 an t\u00e2m tuy\u1ec7t \u0111\u1ed1i cho kh\u00e1ch h\u00e0ng v\u1edbi ch\u00ednh s\u00e1ch b\u1ea3o h\u00e0nh minh b\u1ea1ch, r\u00f5 r\u00e0ng v\u00e0 c\u00f3 l\u1ee3i nh\u1ea5t. Qu\u00fd kh\u00e1ch h\u00e0ng c\u00f3 th\u1ec3 l\u1ef1a ch\u1ecdn gi\u1eefa G\u00f3i C\u01a1 B\u1ea3n (Mi\u1ec5n ph\u00ed) ho\u1eb7c G\u00f3i Cao C\u1ea5p (B\u1ea3o h\u00e0nh 2 n\u0103m) t\u00f9y theo nhu [&hellip;]<\/p>\n","protected":false},"author":1,"featured_media":0,"parent":0,"menu_order":0,"comment_status":"open","ping_status":"closed","template":"","meta":{"footnotes":""},"class_list":["post-55","page","type-page","status-publish"],"yoast_head":"<!-- This site is optimized with the Yoast SEO plugin v25.2 - https:\/\/yoast.com\/wordpress\/plugins\/seo\/ -->\n<title>Ch\u00ednh s\u00e1ch b\u1ea3o h\u00e0nh - Kh\u1edfi Nguy\u00ean Mobile<\/title>\n<meta name=\"robots\" content=\"index, follow, max-snippet:-1, max-image-preview:large, max-video-preview:-1\" \/>\n<link rel=\"canonical\" href=\"https:\/\/khoinguyenmobile.vn\/index.php\/chinh-sach-bao-hanh\/\" \/>\n<meta property=\"og:locale\" content=\"vi_VN\" \/>\n<meta property=\"og:type\" content=\"article\" \/>\n<meta property=\"og:title\" content=\"Ch\u00ednh s\u00e1ch b\u1ea3o h\u00e0nh - Kh\u1edfi Nguy\u00ean Mobile\" \/>\n<meta property=\"og:description\" content=\"T\u1ea1i Kh\u1edfi Nguy\u00ean Mobile, ch\u00fang t\u00f4i cam k\u1ebft mang \u0111\u1ebfn s\u1ef1 an t\u00e2m tuy\u1ec7t \u0111\u1ed1i cho kh\u00e1ch h\u00e0ng v\u1edbi ch\u00ednh s\u00e1ch b\u1ea3o h\u00e0nh minh b\u1ea1ch, r\u00f5 r\u00e0ng v\u00e0 c\u00f3 l\u1ee3i nh\u1ea5t. Qu\u00fd kh\u00e1ch h\u00e0ng c\u00f3 th\u1ec3 l\u1ef1a ch\u1ecdn gi\u1eefa G\u00f3i C\u01a1 B\u1ea3n (Mi\u1ec5n ph\u00ed) ho\u1eb7c G\u00f3i Cao C\u1ea5p (B\u1ea3o h\u00e0nh 2 n\u0103m) t\u00f9y theo nhu [&hellip;]\" \/>\n<meta property=\"og:url\" content=\"https:\/\/khoinguyenmobile.vn\/index.php\/chinh-sach-bao-hanh\/\" \/>\n<meta property=\"og:site_name\" content=\"Kh\u1edfi Nguy\u00ean Mobile\" \/>\n<meta property=\"article:modified_time\" content=\"2025-06-10T07:28:10+00:00\" \/>\n<meta name=\"twitter:card\" content=\"summary_large_image\" \/>\n<meta name=\"twitter:label1\" content=\"\u01af\u1edbc t\u00ednh th\u1eddi gian \u0111\u1ecdc\" \/>\n\t<meta name=\"twitter:data1\" content=\"3 ph\u00fat\" \/>\n<script type=\"application\/ld+json\" class=\"yoast-schema-graph\">{\"@context\":\"https:\/\/schema.org\",\"@graph\":[{\"@type\":\"WebPage\",\"@id\":\"https:\/\/khoinguyenmobile.vn\/index.php\/chinh-sach-bao-hanh\/\",\"url\":\"https:\/\/khoinguyenmobile.vn\/index.php\/chinh-sach-bao-hanh\/\",\"name\":\"Ch\u00ednh s\u00e1ch b\u1ea3o h\u00e0nh - Kh\u1edfi Nguy\u00ean Mobile\",\"isPartOf\":{\"@id\":\"http:\/\/localhost\/phoneweb\/#website\"},\"datePublished\":\"2025-04-03T16:53:54+00:00\",\"dateModified\":\"2025-06-10T07:28:10+00:00\",\"breadcrumb\":{\"@id\":\"https:\/\/khoinguyenmobile.vn\/index.php\/chinh-sach-bao-hanh\/#breadcrumb\"},\"inLanguage\":\"vi\",\"potentialAction\":[{\"@type\":\"ReadAction\",\"target\":[\"https:\/\/khoinguyenmobile.vn\/index.php\/chinh-sach-bao-hanh\/\"]}]},{\"@type\":\"BreadcrumbList\",\"@id\":\"https:\/\/khoinguyenmobile.vn\/index.php\/chinh-sach-bao-hanh\/#breadcrumb\",\"itemListElement\":[{\"@type\":\"ListItem\",\"position\":1,\"name\":\"Trang ch\u1ee7\",\"item\":\"https:\/\/khoinguyenmobile.vn\/\"},{\"@type\":\"ListItem\",\"position\":2,\"name\":\"Ch\u00ednh s\u00e1ch b\u1ea3o h\u00e0nh\"}]},{\"@type\":\"WebSite\",\"@id\":\"http:\/\/localhost\/phoneweb\/#website\",\"url\":\"http:\/\/localhost\/phoneweb\/\",\"name\":\"Phone web\",\"description\":\"D\u1ecbch v\u1ee5 s\u1eeda ch\u1eefa \u0111i\u1ec7n tho\u1ea1i nhanh, uy t\u00edn nh\u1ea5t TP. H\u1ed3 Ch\u00ed Minh\",\"publisher\":{\"@id\":\"http:\/\/localhost\/phoneweb\/#\/schema\/person\/36dab0cbc8a178ff4735ed76dc9ebc68\"},\"potentialAction\":[{\"@type\":\"SearchAction\",\"target\":{\"@type\":\"EntryPoint\",\"urlTemplate\":\"http:\/\/localhost\/phoneweb\/?s={search_term_string}\"},\"query-input\":{\"@type\":\"PropertyValueSpecification\",\"valueRequired\":true,\"valueName\":\"search_term_string\"}}],\"inLanguage\":\"vi\"},{\"@type\":[\"Person\",\"Organization\"],\"@id\":\"http:\/\/localhost\/phoneweb\/#\/schema\/person\/36dab0cbc8a178ff4735ed76dc9ebc68\",\"name\":\"phoneweb\",\"image\":{\"@type\":\"ImageObject\",\"inLanguage\":\"vi\",\"@id\":\"http:\/\/localhost\/phoneweb\/#\/schema\/person\/image\/\",\"url\":\"https:\/\/secure.gravatar.com\/avatar\/4e06ded711c5afd4d9a0c86c435ecfbc30be037927feba4789c8228f93b60c62?s=96&d=mm&r=g\",\"contentUrl\":\"https:\/\/secure.gravatar.com\/avatar\/4e06ded711c5afd4d9a0c86c435ecfbc30be037927feba4789c8228f93b60c62?s=96&d=mm&r=g\",\"caption\":\"phoneweb\"},\"logo\":{\"@id\":\"http:\/\/localhost\/phoneweb\/#\/schema\/person\/image\/\"},\"sameAs\":[\"http:\/\/localhost\/phoneweb\"]}]}<\/script>\n<!-- \/ Yoast SEO plugin. -->","yoast_head_json":{"title":"Ch\u00ednh s\u00e1ch b\u1ea3o h\u00e0nh - Kh\u1edfi Nguy\u00ean Mobile","robots":{"index":"index","follow":"follow","max-snippet":"max-snippet:-1","max-image-preview":"max-image-preview:large","max-video-preview":"max-video-preview:-1"},"canonical":"https:\/\/khoinguyenmobile.vn\/index.php\/chinh-sach-bao-hanh\/","og_locale":"vi_VN","og_type":"article","og_title":"Ch\u00ednh s\u00e1ch b\u1ea3o h\u00e0nh - Kh\u1edfi Nguy\u00ean Mobile","og_description":"T\u1ea1i Kh\u1edfi Nguy\u00ean Mobile, ch\u00fang t\u00f4i cam k\u1ebft mang \u0111\u1ebfn s\u1ef1 an t\u00e2m tuy\u1ec7t \u0111\u1ed1i cho kh\u00e1ch h\u00e0ng v\u1edbi ch\u00ednh s\u00e1ch b\u1ea3o h\u00e0nh minh b\u1ea1ch, r\u00f5 r\u00e0ng v\u00e0 c\u00f3 l\u1ee3i nh\u1ea5t. Qu\u00fd kh\u00e1ch h\u00e0ng c\u00f3 th\u1ec3 l\u1ef1a ch\u1ecdn gi\u1eefa G\u00f3i C\u01a1 B\u1ea3n (Mi\u1ec5n ph\u00ed) ho\u1eb7c G\u00f3i Cao C\u1ea5p (B\u1ea3o h\u00e0nh 2 n\u0103m) t\u00f9y theo nhu [&hellip;]","og_url":"https:\/\/khoinguyenmobile.vn\/index.php\/chinh-sach-bao-hanh\/","og_site_name":"Kh\u1edfi Nguy\u00ean Mobile","article_modified_time":"2025-06-10T07:28:10+00:00","twitter_card":"summary_large_image","twitter_misc":{"\u01af\u1edbc t\u00ednh th\u1eddi gian \u0111\u1ecdc":"3 ph\u00fat"},"schema":{"@context":"https:\/\/schema.org","@graph":[{"@type":"WebPage","@id":"https:\/\/khoinguyenmobile.vn\/index.php\/chinh-sach-bao-hanh\/","url":"https:\/\/khoinguyenmobile.vn\/index.php\/chinh-sach-bao-hanh\/","name":"Ch\u00ednh s\u00e1ch b\u1ea3o h\u00e0nh - Kh\u1edfi Nguy\u00ean Mobile","isPartOf":{"@id":"http:\/\/localhost\/phoneweb\/#website"},"datePublished":"2025-04-03T16:53:54+00:00","dateModified":"2025-06-10T07:28:10+00:00","breadcrumb":{"@id":"https:\/\/khoinguyenmobile.vn\/index.php\/chinh-sach-bao-hanh\/#breadcrumb"},"inLanguage":"vi","potentialAction":[{"@type":"ReadAction","target":["https:\/\/khoinguyenmobile.vn\/index.php\/chinh-sach-bao-hanh\/"]}]},{"@type":"BreadcrumbList","@id":"https:\/\/khoinguyenmobile.vn\/index.php\/chinh-sach-bao-hanh\/#breadcrumb","itemListElement":[{"@type":"ListItem","position":1,"name":"Trang ch\u1ee7","item":"https:\/\/khoinguyenmobile.vn\/"},{"@type":"ListItem","position":2,"name":"Ch\u00ednh s\u00e1ch b\u1ea3o h\u00e0nh"}]},{"@type":"WebSite","@id":"http:\/\/localhost\/phoneweb\/#website","url":"http:\/\/localhost\/phoneweb\/","name":"Phone web","description":"D\u1ecbch v\u1ee5 s\u1eeda ch\u1eefa \u0111i\u1ec7n tho\u1ea1i nhanh, uy t\u00edn nh\u1ea5t TP. H\u1ed3 Ch\u00ed Minh","publisher":{"@id":"http:\/\/localhost\/phoneweb\/#\/schema\/person\/36dab0cbc8a178ff4735ed76dc9ebc68"},"potentialAction":[{"@type":"SearchAction","target":{"@type":"EntryPoint","urlTemplate":"http:\/\/localhost\/phoneweb\/?s={search_term_string}"},"query-input":{"@type":"PropertyValueSpecification","valueRequired":true,"valueName":"search_term_string"}}],"inLanguage":"vi"},{"@type":["Person","Organization"],"@id":"http:\/\/localhost\/phoneweb\/#\/schema\/person\/36dab0cbc8a178ff4735ed76dc9ebc68","name":"phoneweb","image":{"@type":"ImageObject","inLanguage":"vi","@id":"http:\/\/localhost\/phoneweb\/#\/schema\/person\/image\/","url":"https:\/\/secure.gravatar.com\/avatar\/4e06ded711c5afd4d9a0c86c435ecfbc30be037927feba4789c8228f93b60c62?s=96&d=mm&r=g","contentUrl":"https:\/\/secure.gravatar.com\/avatar\/4e06ded711c5afd4d9a0c86c435ecfbc30be037927feba4789c8228f93b60c62?s=96&d=mm&r=g","caption":"phoneweb"},"logo":{"@id":"http:\/\/localhost\/phoneweb\/#\/schema\/person\/image\/"},"sameAs":["http:\/\/localhost\/phoneweb"]}]}},"_links":{"self":[{"href":"https:\/\/khoinguyenmobile.vn\/index.php\/wp-json\/wp\/v2\/pages\/55","targetHints":{"allow":["GET"]}}],"collection":[{"href":"https:\/\/khoinguyenmobile.vn\/index.php\/wp-json\/wp\/v2\/pages"}],"about":[{"href":"https:\/\/khoinguyenmobile.vn\/index.php\/wp-json\/wp\/v2\/types\/page"}],"author":[{"embeddable":true,"href":"https:\/\/khoinguyenmobile.vn\/index.php\/wp-json\/wp\/v2\/users\/1"}],"replies":[{"embeddable":true,"href":"https:\/\/khoinguyenmobile.vn\/index.php\/wp-json\/wp\/v2\/comments?post=55"}],"version-history":[{"count":3,"href":"https:\/\/khoinguyenmobile.vn\/index.php\/wp-json\/wp\/v2\/pages\/55\/revisions"}],"predecessor-version":[{"id":524,"href":"https:\/\/khoinguyenmobile.vn\/index.php\/wp-json\/wp\/v2\/pages\/55\/revisions\/524"}],"wp:attachment":[{"href":"https:\/\/khoinguyenmobile.vn\/index.php\/wp-json\/wp\/v2\/media?parent=55"}],"curies":[{"name":"wp","href":"https:\/\/api.w.org\/{rel}","templated":true}]}}