{"id":51,"date":"2025-04-03T16:53:54","date_gmt":"2025-04-03T16:53:54","guid":{"rendered":"http:\/\/tdi_9_e18"},"modified":"2025-05-28T00:15:39","modified_gmt":"2025-05-27T17:15:39","slug":"dat-lich","status":"publish","type":"page","link":"https:\/\/khoinguyenmobile.vn\/index.php\/dat-lich\/","title":{"rendered":"Li\u00ean h\u1ec7 &#8211; \u0110\u1eb7t l\u1ecbch s\u1eeda ch\u1eefa"},"content":{"rendered":"\n<div class=\"wp-block-columns is-layout-flex wp-container-core-columns-is-layout-9d6595d7 wp-block-columns-is-layout-flex\">\n<div class=\"wp-block-column is-layout-flow wp-block-column-is-layout-flow\">\n<div class=\"wp-block-contact-form-7-contact-form-selector\">\n<div class=\"wpcf7 no-js\" id=\"wpcf7-f267-o1\" lang=\"vi\" dir=\"ltr\" data-wpcf7-id=\"267\">\n<div class=\"screen-reader-response\"><p role=\"status\" aria-live=\"polite\" aria-atomic=\"true\"><\/p> <ul><\/ul><\/div>\n<form action=\"\/index.php\/wp-json\/wp\/v2\/pages\/51#wpcf7-f267-o1\" method=\"post\" class=\"wpcf7-form init\" aria-label=\"Form li\u00ean h\u1ec7\" novalidate=\"novalidate\" data-status=\"init\">\n<div style=\"display: none;\">\n<input type=\"hidden\" name=\"_wpcf7\" value=\"267\" \/>\n<input type=\"hidden\" name=\"_wpcf7_version\" value=\"6.0.6\" \/>\n<input type=\"hidden\" name=\"_wpcf7_locale\" value=\"vi\" \/>\n<input type=\"hidden\" name=\"_wpcf7_unit_tag\" value=\"wpcf7-f267-o1\" \/>\n<input type=\"hidden\" name=\"_wpcf7_container_post\" value=\"0\" \/>\n<input type=\"hidden\" name=\"_wpcf7_posted_data_hash\" value=\"\" \/>\n<\/div>\n<p><label> <span class=\"wpcf7-form-control-wrap\" data-name=\"your-name\"><input size=\"40\" maxlength=\"400\" class=\"wpcf7-form-control wpcf7-text wpcf7-validates-as-required\" autocomplete=\"name\" aria-required=\"true\" aria-invalid=\"false\" placeholder=\"Nh\u1eadp t\u00ean qu\u00fd kh\u00e1ch\" value=\"\" type=\"text\" name=\"your-name\" \/><\/span><\/label>\n<\/p>\n<p><label> <span class=\"wpcf7-form-control-wrap\" data-name=\"tel-979\"><input size=\"40\" maxlength=\"10\" minlength=\"10\" class=\"wpcf7-form-control wpcf7-tel wpcf7-validates-as-required wpcf7-text wpcf7-validates-as-tel\" autocomplete=\"tel\" aria-required=\"true\" aria-invalid=\"false\" placeholder=\"Nh\u1eadp s\u1ed1 \u0111i\u1ec7n tho\u1ea1i li\u00ean h\u1ec7\" value=\"\" type=\"tel\" name=\"tel-979\" \/><\/span> <\/label>\n<\/p>\n<p><label> <span class=\"wpcf7-form-control-wrap\" data-name=\"your-email\"><input size=\"40\" maxlength=\"400\" class=\"wpcf7-form-control wpcf7-email wpcf7-text wpcf7-validates-as-email\" aria-invalid=\"false\" placeholder=\"Nh\u1eadp e-mail (kh\u00f4ng b\u1eaft bu\u1ed9c)\" value=\"\" type=\"email\" name=\"your-email\" \/><\/span> <\/label>\n<\/p>\n<p><label> <span class=\"wpcf7-form-control-wrap\" data-name=\"your-subject\"><input size=\"40\" maxlength=\"400\" class=\"wpcf7-form-control wpcf7-text wpcf7-validates-as-required\" aria-required=\"true\" aria-invalid=\"false\" placeholder=\"N\u1ed9i dung \u0111\u1eb7t l\u1ecbch s\u1eeda ch\u1eefa vui l\u00f2ng ghi r\u00f5: T\u00ecnh tr\u1ea1ng - T\u00ean thi\u1ebft b\u1ecb - H\u00e3ng s\u1ea3n xu\u1ea5t\" value=\"\" type=\"text\" name=\"your-subject\" \/><\/span> <\/label>\n<\/p>\n<p><label> Ng\u00e0y \u0111\u1eb7t l\u1ecbch s\u1eeda ch\u1eefa <span class=\"wpcf7-form-control-wrap\" data-name=\"date-638\"><input class=\"wpcf7-form-control wpcf7-date wpcf7-validates-as-required wpcf7-validates-as-date\" aria-required=\"true\" aria-invalid=\"false\" value=\"\" type=\"date\" name=\"date-638\" \/><\/span> <\/label>\n<\/p>\n<p><label> <span class=\"wpcf7-form-control-wrap\" data-name=\"your-message\"><textarea cols=\"40\" rows=\"10\" maxlength=\"2000\" class=\"wpcf7-form-control wpcf7-textarea\" aria-invalid=\"false\" placeholder=\"Ghi ch\u00fa b\u1ed5 sung (kh\u00f4ng b\u1eaft bu\u1ed9c)\" name=\"your-message\"><\/textarea><\/span> <\/label>\n<\/p>\n<p><input class=\"wpcf7-form-control wpcf7-submit has-spinner\" type=\"submit\" value=\"G\u1eedi\" \/>\n<\/p><div class=\"wpcf7-response-output\" aria-hidden=\"true\"><\/div>\n<\/form>\n<\/div>\n<\/div>\n<\/div>\n\n\n\n<div class=\"wp-block-column is-layout-flow wp-block-column-is-layout-flow\">\n<p><strong>\u0110\u1ecba ch\u1ec9:<\/strong> <a href=\"https:\/\/maps.app.goo.gl\/KT39vmh3oUDoEpxm9\"><mark style=\"background-color:rgba(0, 0, 0, 0);color:#d93030\" class=\"has-inline-color\">17 Nguy\u1ec5n V\u0103n Kh\u1ed1i, ph\u01b0\u1eddng 8, qu\u1eadn G\u00f2 V\u1ea5p, TP. H\u1ed3 Ch\u00ed Minh<\/mark><\/a><\/p>\n\n\n\n<p><strong>Li\u00ean h\u1ec7:<\/strong> <a href=\"tel:0388265365\"><strong><mark style=\"background-color:rgba(0, 0, 0, 0);color:#d93030\" class=\"has-inline-color\">0388 265 365<\/mark><\/strong><\/a><\/p>\n\n\n\n<iframe src=\"https:\/\/www.google.com\/maps\/embed?pb=!1m18!1m12!1m3!1d244.91276130523858!2d106.6615705659758!3d10.841572677545708!2m3!1f0!2f0!3f0!3m2!1i1024!2i768!4f13.1!3m3!1m2!1s0x317529b9718e5c25%3A0x159400d0dd511f4d!2zxJBJ4buGTiBUSE_huqBJIEtI4bueSSBOR1VZw4pO!5e0!3m2!1svi!2s!4v1748365738812!5m2!1svi!2s\" width=\"530\" height=\"500\" style=\"border:0;\" allowfullscreen=\"\" loading=\"lazy\" referrerpolicy=\"no-referrer-when-downgrade\"><\/iframe>\n<\/div>\n<\/div>\n","protected":false},"excerpt":{"rendered":"<p>\u0110\u1ecba ch\u1ec9: 17 Nguy\u1ec5n V\u0103n Kh\u1ed1i, ph\u01b0\u1eddng 8, qu\u1eadn G\u00f2 V\u1ea5p, TP. H\u1ed3 Ch\u00ed Minh Li\u00ean h\u1ec7: 0388 265 365<\/p>\n","protected":false},"author":1,"featured_media":0,"parent":0,"menu_order":0,"comment_status":"open","ping_status":"closed","template":"","meta":{"footnotes":""},"class_list":["post-51","page","type-page","status-publish"],"yoast_head":"<!-- This site is optimized with the Yoast SEO plugin v25.2 - https:\/\/yoast.com\/wordpress\/plugins\/seo\/ -->\n<title>Li\u00ean h\u1ec7 - \u0110\u1eb7t l\u1ecbch s\u1eeda ch\u1eefa - Kh\u1edfi Nguy\u00ean Mobile<\/title>\n<meta name=\"description\" content=\"Gi\u1ea3m gi\u00e1 t\u1ed1i \u0111a 50K khi \u0111\u1eb7t l\u1ecbch s\u1eeda ch\u1eefa - D\u1ecbch v\u1ee5 s\u1eeda ch\u1eefa \u0111i\u1ec7n tho\u1ea1i Gi\u00e1 t\u1ed1t - Ch\u1ea5t l\u01b0\u1ee3ng - Nhanh nh\u1ea5t TP. H\u1ed3 Ch\u00ed Minh\" \/>\n<meta name=\"robots\" content=\"index, follow, max-snippet:-1, max-image-preview:large, max-video-preview:-1\" \/>\n<link rel=\"canonical\" href=\"http:\/\/localhost\/phoneweb\/index.php\/dat-lich\/\" \/>\n<meta property=\"og:locale\" content=\"vi_VN\" \/>\n<meta property=\"og:type\" content=\"article\" \/>\n<meta property=\"og:title\" content=\"Li\u00ean h\u1ec7 - \u0110\u1eb7t l\u1ecbch s\u1eeda ch\u1eefa - Kh\u1edfi Nguy\u00ean Mobile\" \/>\n<meta property=\"og:description\" content=\"Gi\u1ea3m gi\u00e1 t\u1ed1i \u0111a 50K khi \u0111\u1eb7t l\u1ecbch s\u1eeda ch\u1eefa - D\u1ecbch v\u1ee5 s\u1eeda ch\u1eefa \u0111i\u1ec7n tho\u1ea1i Gi\u00e1 t\u1ed1t - Ch\u1ea5t l\u01b0\u1ee3ng - Nhanh nh\u1ea5t TP. H\u1ed3 Ch\u00ed Minh\" \/>\n<meta property=\"og:url\" content=\"http:\/\/localhost\/phoneweb\/index.php\/dat-lich\/\" \/>\n<meta property=\"og:site_name\" content=\"Kh\u1edfi Nguy\u00ean Mobile\" \/>\n<meta property=\"article:modified_time\" content=\"2025-05-27T17:15:39+00:00\" \/>\n<meta name=\"twitter:card\" content=\"summary_large_image\" \/>\n<meta name=\"twitter:label1\" content=\"\u01af\u1edbc t\u00ednh th\u1eddi gian \u0111\u1ecdc\" \/>\n\t<meta name=\"twitter:data1\" content=\"1 ph\u00fat\" \/>\n<script type=\"application\/ld+json\" class=\"yoast-schema-graph\">{\"@context\":\"https:\/\/schema.org\",\"@graph\":[{\"@type\":\"WebPage\",\"@id\":\"http:\/\/localhost\/phoneweb\/index.php\/dat-lich\/\",\"url\":\"http:\/\/localhost\/phoneweb\/index.php\/dat-lich\/\",\"name\":\"Li\u00ean h\u1ec7 - \u0110\u1eb7t l\u1ecbch s\u1eeda ch\u1eefa - Kh\u1edfi Nguy\u00ean Mobile\",\"isPartOf\":{\"@id\":\"http:\/\/localhost\/phoneweb\/#website\"},\"datePublished\":\"2025-04-03T16:53:54+00:00\",\"dateModified\":\"2025-05-27T17:15:39+00:00\",\"description\":\"Gi\u1ea3m gi\u00e1 t\u1ed1i \u0111a 50K khi \u0111\u1eb7t l\u1ecbch s\u1eeda ch\u1eefa - D\u1ecbch v\u1ee5 s\u1eeda ch\u1eefa \u0111i\u1ec7n tho\u1ea1i Gi\u00e1 t\u1ed1t - Ch\u1ea5t l\u01b0\u1ee3ng - Nhanh nh\u1ea5t TP. H\u1ed3 Ch\u00ed Minh\",\"breadcrumb\":{\"@id\":\"http:\/\/localhost\/phoneweb\/index.php\/dat-lich\/#breadcrumb\"},\"inLanguage\":\"vi\",\"potentialAction\":[{\"@type\":\"ReadAction\",\"target\":[\"http:\/\/localhost\/phoneweb\/index.php\/dat-lich\/\"]}]},{\"@type\":\"BreadcrumbList\",\"@id\":\"http:\/\/localhost\/phoneweb\/index.php\/dat-lich\/#breadcrumb\",\"itemListElement\":[{\"@type\":\"ListItem\",\"position\":1,\"name\":\"Trang ch\u1ee7\",\"item\":\"https:\/\/khoinguyenmobile.vn\/\"},{\"@type\":\"ListItem\",\"position\":2,\"name\":\"Li\u00ean h\u1ec7 &#8211; \u0110\u1eb7t l\u1ecbch s\u1eeda ch\u1eefa\"}]},{\"@type\":\"WebSite\",\"@id\":\"http:\/\/localhost\/phoneweb\/#website\",\"url\":\"http:\/\/localhost\/phoneweb\/\",\"name\":\"Phone web\",\"description\":\"D\u1ecbch v\u1ee5 s\u1eeda ch\u1eefa \u0111i\u1ec7n tho\u1ea1i nhanh, uy t\u00edn nh\u1ea5t TP. H\u1ed3 Ch\u00ed Minh\",\"publisher\":{\"@id\":\"http:\/\/localhost\/phoneweb\/#\/schema\/person\/36dab0cbc8a178ff4735ed76dc9ebc68\"},\"potentialAction\":[{\"@type\":\"SearchAction\",\"target\":{\"@type\":\"EntryPoint\",\"urlTemplate\":\"http:\/\/localhost\/phoneweb\/?s={search_term_string}\"},\"query-input\":{\"@type\":\"PropertyValueSpecification\",\"valueRequired\":true,\"valueName\":\"search_term_string\"}}],\"inLanguage\":\"vi\"},{\"@type\":[\"Person\",\"Organization\"],\"@id\":\"http:\/\/localhost\/phoneweb\/#\/schema\/person\/36dab0cbc8a178ff4735ed76dc9ebc68\",\"name\":\"phoneweb\",\"image\":{\"@type\":\"ImageObject\",\"inLanguage\":\"vi\",\"@id\":\"http:\/\/localhost\/phoneweb\/#\/schema\/person\/image\/\",\"url\":\"https:\/\/secure.gravatar.com\/avatar\/4e06ded711c5afd4d9a0c86c435ecfbc30be037927feba4789c8228f93b60c62?s=96&d=mm&r=g\",\"contentUrl\":\"https:\/\/secure.gravatar.com\/avatar\/4e06ded711c5afd4d9a0c86c435ecfbc30be037927feba4789c8228f93b60c62?s=96&d=mm&r=g\",\"caption\":\"phoneweb\"},\"logo\":{\"@id\":\"http:\/\/localhost\/phoneweb\/#\/schema\/person\/image\/\"},\"sameAs\":[\"http:\/\/localhost\/phoneweb\"]}]}<\/script>\n<!-- \/ Yoast SEO plugin. -->","yoast_head_json":{"title":"Li\u00ean h\u1ec7 - \u0110\u1eb7t l\u1ecbch s\u1eeda ch\u1eefa - Kh\u1edfi Nguy\u00ean Mobile","description":"Gi\u1ea3m gi\u00e1 t\u1ed1i \u0111a 50K khi \u0111\u1eb7t l\u1ecbch s\u1eeda ch\u1eefa - D\u1ecbch v\u1ee5 s\u1eeda ch\u1eefa \u0111i\u1ec7n tho\u1ea1i Gi\u00e1 t\u1ed1t - Ch\u1ea5t l\u01b0\u1ee3ng - Nhanh nh\u1ea5t TP. H\u1ed3 Ch\u00ed Minh","robots":{"index":"index","follow":"follow","max-snippet":"max-snippet:-1","max-image-preview":"max-image-preview:large","max-video-preview":"max-video-preview:-1"},"canonical":"http:\/\/localhost\/phoneweb\/index.php\/dat-lich\/","og_locale":"vi_VN","og_type":"article","og_title":"Li\u00ean h\u1ec7 - \u0110\u1eb7t l\u1ecbch s\u1eeda ch\u1eefa - Kh\u1edfi Nguy\u00ean Mobile","og_description":"Gi\u1ea3m gi\u00e1 t\u1ed1i \u0111a 50K khi \u0111\u1eb7t l\u1ecbch s\u1eeda ch\u1eefa - D\u1ecbch v\u1ee5 s\u1eeda ch\u1eefa \u0111i\u1ec7n tho\u1ea1i Gi\u00e1 t\u1ed1t - Ch\u1ea5t l\u01b0\u1ee3ng - Nhanh nh\u1ea5t TP. H\u1ed3 Ch\u00ed Minh","og_url":"http:\/\/localhost\/phoneweb\/index.php\/dat-lich\/","og_site_name":"Kh\u1edfi Nguy\u00ean Mobile","article_modified_time":"2025-05-27T17:15:39+00:00","twitter_card":"summary_large_image","twitter_misc":{"\u01af\u1edbc t\u00ednh th\u1eddi gian \u0111\u1ecdc":"1 ph\u00fat"},"schema":{"@context":"https:\/\/schema.org","@graph":[{"@type":"WebPage","@id":"http:\/\/localhost\/phoneweb\/index.php\/dat-lich\/","url":"http:\/\/localhost\/phoneweb\/index.php\/dat-lich\/","name":"Li\u00ean h\u1ec7 - \u0110\u1eb7t l\u1ecbch s\u1eeda ch\u1eefa - Kh\u1edfi Nguy\u00ean Mobile","isPartOf":{"@id":"http:\/\/localhost\/phoneweb\/#website"},"datePublished":"2025-04-03T16:53:54+00:00","dateModified":"2025-05-27T17:15:39+00:00","description":"Gi\u1ea3m gi\u00e1 t\u1ed1i \u0111a 50K khi \u0111\u1eb7t l\u1ecbch s\u1eeda ch\u1eefa - D\u1ecbch v\u1ee5 s\u1eeda ch\u1eefa \u0111i\u1ec7n tho\u1ea1i Gi\u00e1 t\u1ed1t - Ch\u1ea5t l\u01b0\u1ee3ng - Nhanh nh\u1ea5t TP. H\u1ed3 Ch\u00ed Minh","breadcrumb":{"@id":"http:\/\/localhost\/phoneweb\/index.php\/dat-lich\/#breadcrumb"},"inLanguage":"vi","potentialAction":[{"@type":"ReadAction","target":["http:\/\/localhost\/phoneweb\/index.php\/dat-lich\/"]}]},{"@type":"BreadcrumbList","@id":"http:\/\/localhost\/phoneweb\/index.php\/dat-lich\/#breadcrumb","itemListElement":[{"@type":"ListItem","position":1,"name":"Trang ch\u1ee7","item":"https:\/\/khoinguyenmobile.vn\/"},{"@type":"ListItem","position":2,"name":"Li\u00ean h\u1ec7 &#8211; \u0110\u1eb7t l\u1ecbch s\u1eeda ch\u1eefa"}]},{"@type":"WebSite","@id":"http:\/\/localhost\/phoneweb\/#website","url":"http:\/\/localhost\/phoneweb\/","name":"Phone web","description":"D\u1ecbch v\u1ee5 s\u1eeda ch\u1eefa \u0111i\u1ec7n tho\u1ea1i nhanh, uy t\u00edn nh\u1ea5t TP. H\u1ed3 Ch\u00ed Minh","publisher":{"@id":"http:\/\/localhost\/phoneweb\/#\/schema\/person\/36dab0cbc8a178ff4735ed76dc9ebc68"},"potentialAction":[{"@type":"SearchAction","target":{"@type":"EntryPoint","urlTemplate":"http:\/\/localhost\/phoneweb\/?s={search_term_string}"},"query-input":{"@type":"PropertyValueSpecification","valueRequired":true,"valueName":"search_term_string"}}],"inLanguage":"vi"},{"@type":["Person","Organization"],"@id":"http:\/\/localhost\/phoneweb\/#\/schema\/person\/36dab0cbc8a178ff4735ed76dc9ebc68","name":"phoneweb","image":{"@type":"ImageObject","inLanguage":"vi","@id":"http:\/\/localhost\/phoneweb\/#\/schema\/person\/image\/","url":"https:\/\/secure.gravatar.com\/avatar\/4e06ded711c5afd4d9a0c86c435ecfbc30be037927feba4789c8228f93b60c62?s=96&d=mm&r=g","contentUrl":"https:\/\/secure.gravatar.com\/avatar\/4e06ded711c5afd4d9a0c86c435ecfbc30be037927feba4789c8228f93b60c62?s=96&d=mm&r=g","caption":"phoneweb"},"logo":{"@id":"http:\/\/localhost\/phoneweb\/#\/schema\/person\/image\/"},"sameAs":["http:\/\/localhost\/phoneweb"]}]}},"_links":{"self":[{"href":"https:\/\/khoinguyenmobile.vn\/index.php\/wp-json\/wp\/v2\/pages\/51","targetHints":{"allow":["GET"]}}],"collection":[{"href":"https:\/\/khoinguyenmobile.vn\/index.php\/wp-json\/wp\/v2\/pages"}],"about":[{"href":"https:\/\/khoinguyenmobile.vn\/index.php\/wp-json\/wp\/v2\/types\/page"}],"author":[{"embeddable":true,"href":"https:\/\/khoinguyenmobile.vn\/index.php\/wp-json\/wp\/v2\/users\/1"}],"replies":[{"embeddable":true,"href":"https:\/\/khoinguyenmobile.vn\/index.php\/wp-json\/wp\/v2\/comments?post=51"}],"version-history":[{"count":18,"href":"https:\/\/khoinguyenmobile.vn\/index.php\/wp-json\/wp\/v2\/pages\/51\/revisions"}],"predecessor-version":[{"id":387,"href":"https:\/\/khoinguyenmobile.vn\/index.php\/wp-json\/wp\/v2\/pages\/51\/revisions\/387"}],"wp:attachment":[{"href":"https:\/\/khoinguyenmobile.vn\/index.php\/wp-json\/wp\/v2\/media?parent=51"}],"curies":[{"name":"wp","href":"https:\/\/api.w.org\/{rel}","templated":true}]}}